{"id":79630,"date":"2024-07-20T16:17:50","date_gmt":"2024-07-20T14:17:50","guid":{"rendered":"https:\/\/dualtron-store.com\/?post_type=product&#038;p=79630"},"modified":"2024-07-20T16:26:16","modified_gmt":"2024-07-20T14:26:16","slug":"solde-de-paiement-dualtron-thunder-2","status":"publish","type":"product","link":"https:\/\/dualtron-store.com\/index.php\/produit\/solde-de-paiement-dualtron-thunder-2\/","title":{"rendered":"Solde de paiement Dualtron Thunder 2"},"content":{"rendered":"","protected":false},"excerpt":{"rendered":"<p>Solde de paiement Dualtron Thunder 2<\/p>\n<p>Acompte d\u00e9j\u00e0 r\u00e9gl\u00e9 1468\u20ac<\/p>\n<p>Solde restant \u00e0 regler 1800\u20ac<\/p>\n<p>soit un total de 3268\u20ac<\/p>\n","protected":false},"featured_media":0,"comment_status":"closed","ping_status":"closed","template":"","meta":{"om_disable_all_campaigns":false,"_mi_skip_tracking":false,"_monsterinsights_sitenote_active":false,"_monsterinsights_sitenote_note":"","_monsterinsights_sitenote_category":0},"product_cat":[20,38],"product_tag":[],"aioseo_notices":[],"_links":{"self":[{"href":"https:\/\/dualtron-store.com\/index.php\/wp-json\/wp\/v2\/product\/79630"}],"collection":[{"href":"https:\/\/dualtron-store.com\/index.php\/wp-json\/wp\/v2\/product"}],"about":[{"href":"https:\/\/dualtron-store.com\/index.php\/wp-json\/wp\/v2\/types\/product"}],"replies":[{"embeddable":true,"href":"https:\/\/dualtron-store.com\/index.php\/wp-json\/wp\/v2\/comments?post=79630"}],"wp:attachment":[{"href":"https:\/\/dualtron-store.com\/index.php\/wp-json\/wp\/v2\/media?parent=79630"}],"wp:term":[{"taxonomy":"product_cat","embeddable":true,"href":"https:\/\/dualtron-store.com\/index.php\/wp-json\/wp\/v2\/product_cat?post=79630"},{"taxonomy":"product_tag","embeddable":true,"href":"https:\/\/dualtron-store.com\/index.php\/wp-json\/wp\/v2\/product_tag?post=79630"}],"curies":[{"name":"wp","href":"https:\/\/api.w.org\/{rel}","templated":true}]}}