{"id":79590,"date":"2024-07-19T17:24:14","date_gmt":"2024-07-19T15:24:14","guid":{"rendered":"https:\/\/dualtron-store.com\/?post_type=product&#038;p=79590"},"modified":"2024-08-07T14:23:58","modified_gmt":"2024-08-07T12:23:58","slug":"solde-de-paiement-commande-80326","status":"publish","type":"product","link":"https:\/\/dualtron-store.com\/index.php\/produit\/solde-de-paiement-commande-80326\/","title":{"rendered":"Solde de paiement commande 80326"},"content":{"rendered":"","protected":false},"excerpt":{"rendered":"<p>Acompte d\u00e9j\u00e0 r\u00e9gl\u00e9 \u00a0 660\u20ac<\/p>\n<p>Solde de paiement \u00a0 \u00a04,05\u20ac<\/p>\n<p>Soit un total de 664,05\u20ac<\/p>\n<p>&nbsp;<\/p>\n","protected":false},"featured_media":0,"comment_status":"closed","ping_status":"closed","template":"","meta":{"om_disable_all_campaigns":false,"_mi_skip_tracking":false,"_monsterinsights_sitenote_active":false,"_monsterinsights_sitenote_note":"","_monsterinsights_sitenote_category":0},"product_cat":[580],"product_tag":[],"aioseo_notices":[],"_links":{"self":[{"href":"https:\/\/dualtron-store.com\/index.php\/wp-json\/wp\/v2\/product\/79590"}],"collection":[{"href":"https:\/\/dualtron-store.com\/index.php\/wp-json\/wp\/v2\/product"}],"about":[{"href":"https:\/\/dualtron-store.com\/index.php\/wp-json\/wp\/v2\/types\/product"}],"replies":[{"embeddable":true,"href":"https:\/\/dualtron-store.com\/index.php\/wp-json\/wp\/v2\/comments?post=79590"}],"wp:attachment":[{"href":"https:\/\/dualtron-store.com\/index.php\/wp-json\/wp\/v2\/media?parent=79590"}],"wp:term":[{"taxonomy":"product_cat","embeddable":true,"href":"https:\/\/dualtron-store.com\/index.php\/wp-json\/wp\/v2\/product_cat?post=79590"},{"taxonomy":"product_tag","embeddable":true,"href":"https:\/\/dualtron-store.com\/index.php\/wp-json\/wp\/v2\/product_tag?post=79590"}],"curies":[{"name":"wp","href":"https:\/\/api.w.org\/{rel}","templated":true}]}}