{"id":79462,"date":"2024-07-16T19:18:37","date_gmt":"2024-07-16T17:18:37","guid":{"rendered":"https:\/\/dualtron-store.com\/?post_type=product&#038;p=79462"},"modified":"2026-04-21T23:53:07","modified_gmt":"2026-04-21T21:53:07","slug":"pneu-dualtron-togo-ltd-limited","status":"publish","type":"product","link":"https:\/\/dualtron-store.com\/index.php\/produit\/pneu-dualtron-togo-ltd-limited\/","title":{"rendered":"Pneu Dualtron Togo LTD &#8211; limited, Max"},"content":{"rendered":"","protected":false},"excerpt":{"rendered":"<p>D\u00e9couvrez le<strong> pneu Dualtron Togo LTD &#8211; Limited &#8211; Max <\/strong>, sp\u00e9cialement con\u00e7u pour les trottinettes \u00e9lectriques Dualtron. Ce pneu de haute qualit\u00e9 offre une adh\u00e9rence exceptionnelle et une durabilit\u00e9 accrue pour des trajets en toute s\u00e9curit\u00e9. Parfait pour am\u00e9liorer la performance et le confort de votre trottinette, le pneu Dualtron Togo LTD assure une conduite<strong> stable et fluide<\/strong> sur divers types de terrains. \u00c9quipez votre trottinette <strong>TOGO LTD<\/strong> avec ce pneu fiable et profitez d&#8217;une exp\u00e9rience de conduite optimale.<\/p>\n","protected":false},"featured_media":79463,"comment_status":"closed","ping_status":"closed","template":"","meta":{"om_disable_all_campaigns":false,"_mi_skip_tracking":false,"_monsterinsights_sitenote_active":false,"_monsterinsights_sitenote_note":"","_monsterinsights_sitenote_category":0},"product_cat":[615,740,18,51],"product_tag":[],"aioseo_notices":[],"_links":{"self":[{"href":"https:\/\/dualtron-store.com\/index.php\/wp-json\/wp\/v2\/product\/79462"}],"collection":[{"href":"https:\/\/dualtron-store.com\/index.php\/wp-json\/wp\/v2\/product"}],"about":[{"href":"https:\/\/dualtron-store.com\/index.php\/wp-json\/wp\/v2\/types\/product"}],"replies":[{"embeddable":true,"href":"https:\/\/dualtron-store.com\/index.php\/wp-json\/wp\/v2\/comments?post=79462"}],"wp:featuredmedia":[{"embeddable":true,"href":"https:\/\/dualtron-store.com\/index.php\/wp-json\/wp\/v2\/media\/79463"}],"wp:attachment":[{"href":"https:\/\/dualtron-store.com\/index.php\/wp-json\/wp\/v2\/media?parent=79462"}],"wp:term":[{"taxonomy":"product_cat","embeddable":true,"href":"https:\/\/dualtron-store.com\/index.php\/wp-json\/wp\/v2\/product_cat?post=79462"},{"taxonomy":"product_tag","embeddable":true,"href":"https:\/\/dualtron-store.com\/index.php\/wp-json\/wp\/v2\/product_tag?post=79462"}],"curies":[{"name":"wp","href":"https:\/\/api.w.org\/{rel}","templated":true}]}}