{"id":79439,"date":"2024-07-16T16:13:58","date_gmt":"2024-07-16T14:13:58","guid":{"rendered":"https:\/\/dualtron-store.com\/?post_type=product&#038;p=79439"},"modified":"2024-07-19T18:45:03","modified_gmt":"2024-07-19T16:45:03","slug":"trottinette-electrique-teverun-fighter-mini-eco-52v-156ah","status":"publish","type":"product","link":"https:\/\/dualtron-store.com\/index.php\/produit\/trottinette-electrique-teverun-fighter-mini-eco-52v-156ah\/","title":{"rendered":"TROTTINETTE ELECTRIQUE TEVERUN FIGHTER MINI ECO 52V 15,6AH"},"content":{"rendered":"<h1><strong>Un concentr\u00e9 de puissance \u00e0 prix r\u00e9duit<\/strong><\/h1>\n<p>D\u00e9couvrez la Teverun Fighter Mini eco, une trottinette \u00e9lectrique qui combine puissance et praticit\u00e9 \u00e0 un prix accessible gr\u00e2ce \u00e0 sa batterie 60V 15,6Ah. En reprenant toutes les caract\u00e9ristiques de la Fighter Mini, cette version \u00e9co vous offre une performance in\u00e9gal\u00e9e sans compromettre votre budget. Profitez de ses deux moteurs puissants, de son freinage hydraulique et de toutes ses s\u00e9curit\u00e9s int\u00e9gr\u00e9es, faisant de cette trottinette une r\u00e9f\u00e9rence incontournable sur le march\u00e9, rivalisant m\u00eame avec la Dualtron Mini dual.<\/p>\n<h1><strong>Une technologie de pointe pour une conduite optimale<\/strong><\/h1>\n<p>La Teverun Fighter Mini eco se distingue par ses innovations techniques qui optimisent ses performances. Dot\u00e9e d&#8217;un smart BMS dans la batterie, cette trottinette am\u00e9liore l&#8217;autonomie tout en r\u00e9duisant les risques de pannes. Les nouveaux contr\u00f4leurs Sin Wave 58,8V 2A offrent une r\u00e9activit\u00e9 et une fiabilit\u00e9 accrues, exploitant pleinement la puissance des moteurs de 1000W chacun. Avec une vitesse maximale de 60 km\/h et une autonomie allant jusqu&#8217;\u00e0 35 km, combin\u00e9es \u00e0 un freinage hydraulique efficace et une suspension souple, chaque trajet devient une exp\u00e9rience de conduite sup\u00e9rieure.<\/p>\n<h1><strong>Robustesse et s\u00e9curit\u00e9 pour tous les temps<\/strong><\/h1>\n<p>La Teverun Fighter Mini eco excelle \u00e9galement en mati\u00e8re de robustesse gr\u00e2ce \u00e0 son \u00e9tanch\u00e9it\u00e9 IP67. Que vous rouliez sous la pluie ou par temps sec, cette trottinette est con\u00e7ue pour r\u00e9sister aux intemp\u00e9ries, garantissant une long\u00e9vit\u00e9 et une fiabilit\u00e9 exceptionnelles. La combinaison de pneus 10 pouces tubeless et de suspensions r\u00e9glables assure une tenue de route irr\u00e9prochable et un confort optimal. Avec un poids de 29,5 kg, cette trottinette est \u00e0 la fois solide et maniable, parfaite pour un usage quotidien quelles que soient les conditions m\u00e9t\u00e9orologiques.<\/p>\n<p>&nbsp;<\/p>\n<p><a href=\"https:\/\/dualtron-store.com\/wp-content\/uploads\/2024\/07\/Sans-titre-3-e1721139054338.png\"><img loading=\"lazy\" class=\"alignnone size-medium wp-image-79440\" src=\"https:\/\/dualtron-store.com\/wp-content\/uploads\/2024\/07\/Sans-titre-3-300x300.png\" alt=\"\" width=\"300\" height=\"300\" \/><\/a><\/p>\n<p><a href=\"https:\/\/dualtron-store.com\/wp-content\/uploads\/2024\/07\/Sans-titre-4-e1721139068238.png\"><img loading=\"lazy\" class=\"alignnone size-medium wp-image-79441\" src=\"https:\/\/dualtron-store.com\/wp-content\/uploads\/2024\/07\/Sans-titre-4-300x300.png\" alt=\"\" width=\"300\" height=\"300\" \/><\/a><\/p>\n<p><a href=\"https:\/\/dualtron-store.com\/wp-content\/uploads\/2024\/07\/Sans-titre-5-e1721139080325.png\"><img loading=\"lazy\" class=\"alignnone size-medium wp-image-79442\" src=\"https:\/\/dualtron-store.com\/wp-content\/uploads\/2024\/07\/Sans-titre-5-300x300.png\" alt=\"\" width=\"300\" height=\"300\" \/><\/a><\/p>\n<p><iframe loading=\"lazy\" title=\"TEVERUN FIGHTER MINI\" width=\"1140\" height=\"641\" src=\"https:\/\/www.youtube.com\/embed\/h0IgqfhBiOQ?start=55&#038;feature=oembed\" frameborder=\"0\" allow=\"accelerometer; autoplay; clipboard-write; encrypted-media; gyroscope; picture-in-picture; web-share\" referrerpolicy=\"strict-origin-when-cross-origin\" allowfullscreen><\/iframe><\/p>\n<p>&nbsp;<\/p>\n<p>&nbsp;<\/p>\n","protected":false},"excerpt":{"rendered":"<p>Un concentr\u00e9 de puissance \u00e0 prix r\u00e9duit D\u00e9couvrez la Teverun Fighter Mini eco, une trottinette \u00e9lectrique qui combine puissance et praticit\u00e9 \u00e0 un prix accessible gr\u00e2ce \u00e0 sa batterie 60V 15,6Ah. En reprenant toutes les caract\u00e9ristiques de la Fighter Mini, cette version \u00e9co vous offre une performance in\u00e9gal\u00e9e sans compromettre votre budget. Profitez de ses [&hellip;]<\/p>\n","protected":false},"featured_media":79440,"comment_status":"closed","ping_status":"closed","template":"","meta":{"om_disable_all_campaigns":false,"_mi_skip_tracking":false,"_monsterinsights_sitenote_active":false,"_monsterinsights_sitenote_note":"","_monsterinsights_sitenote_category":0},"product_cat":[446,20],"product_tag":[],"aioseo_notices":[],"_links":{"self":[{"href":"https:\/\/dualtron-store.com\/index.php\/wp-json\/wp\/v2\/product\/79439"}],"collection":[{"href":"https:\/\/dualtron-store.com\/index.php\/wp-json\/wp\/v2\/product"}],"about":[{"href":"https:\/\/dualtron-store.com\/index.php\/wp-json\/wp\/v2\/types\/product"}],"replies":[{"embeddable":true,"href":"https:\/\/dualtron-store.com\/index.php\/wp-json\/wp\/v2\/comments?post=79439"}],"wp:featuredmedia":[{"embeddable":true,"href":"https:\/\/dualtron-store.com\/index.php\/wp-json\/wp\/v2\/media\/79440"}],"wp:attachment":[{"href":"https:\/\/dualtron-store.com\/index.php\/wp-json\/wp\/v2\/media?parent=79439"}],"wp:term":[{"taxonomy":"product_cat","embeddable":true,"href":"https:\/\/dualtron-store.com\/index.php\/wp-json\/wp\/v2\/product_cat?post=79439"},{"taxonomy":"product_tag","embeddable":true,"href":"https:\/\/dualtron-store.com\/index.php\/wp-json\/wp\/v2\/product_tag?post=79439"}],"curies":[{"name":"wp","href":"https:\/\/api.w.org\/{rel}","templated":true}]}}