{"id":79434,"date":"2024-07-16T15:54:55","date_gmt":"2024-07-16T13:54:55","guid":{"rendered":"https:\/\/dualtron-store.com\/?post_type=product&#038;p=79434"},"modified":"2025-10-16T01:20:13","modified_gmt":"2025-10-15T23:20:13","slug":"teverun-fighter-mini-pro","status":"publish","type":"product","link":"https:\/\/dualtron-store.com\/index.php\/produit\/teverun-fighter-mini-pro\/","title":{"rendered":"Teverun Fighter Mini PRO"},"content":{"rendered":"<h1><strong>Une technologie de pointe pour une performance exceptionnelle<\/strong><\/h1>\n<p>D\u00e9couvrez la nouvelle trottinette \u00e9lectrique Teverun Fighter Mini Pro, \u00e9quip\u00e9e d&#8217;une batterie<strong> LG 60V25Ah<\/strong> et d&#8217;un syst\u00e8me de gestion intelligente <strong>BMS<\/strong>. Avec une autonomie impressionnante de <b>5<\/b><strong>0 km<\/strong>, cette trottinette excelle dans la durabilit\u00e9 et la fiabilit\u00e9. Son positionnement double moteur \u00e0 l&#8217;avant et \u00e0 l&#8217;arri\u00e8re assure une conduite fluide et s\u00e9curis\u00e9e, compl\u00e9t\u00e9e par un syst\u00e8me de freinage \u00e0 disque hydraulique efficace. L&#8217;\u00e9cran<strong> TFT<\/strong> int\u00e9gr\u00e9 avec <strong>NFC<\/strong> offre un contr\u00f4le intuitif et une s\u00e9curit\u00e9 accrue, \u00e9levant ainsi votre exp\u00e9rience \u00e0 un niveau sup\u00e9rieur de confort et de commodit\u00e9.<\/p>\n<h1><strong>Confort absolu \u00e0 chaque trajet<\/strong><\/h1>\n<p>Les roues <strong>10&#215;3.0 tubeless CST<\/strong> de la Teverun Fighter Mini Pro transforment chaque d\u00e9placement en une exp\u00e9rience sans pareille. Con\u00e7ues pour offrir une adh\u00e9rence optimale et une r\u00e9sistance accrue, ces roues vous permettent de rouler en toute confiance, m\u00eame sur des terrains vari\u00e9s. Plus besoin de vous soucier de la qualit\u00e9 de vos roues : la Teverun Fighter Mini Pro garantit des trajets confortables et s\u00fbres, o\u00f9 plaisir et s\u00e9r\u00e9nit\u00e9 se conjuguent \u00e0 chaque instant. Optez pour cette trottinette et red\u00e9couvrez le sens du voyage urbain.<\/p>\n<h1><strong>Robustesse et r\u00e9sistance \u00e0 toute \u00e9preuve<\/strong><\/h1>\n<p>Choisissez la tranquillit\u00e9 d&#8217;esprit avec la trottinette \u00e9lectrique Teverun Fighter Mini Pro, dot\u00e9e d&#8217;une \u00e9tanch\u00e9it\u00e9<strong> IP67<\/strong> et de suspensions hydrauliques ajustables. Avec une puissance maximale de <strong>3360W<\/strong>, elle repousse les limites de la performance tout en assurant une conduite souple et stable. Que ce soit sous la pluie ou sur des chemins accident\u00e9s, cette trottinette est pr\u00eate \u00e0 affronter tous les d\u00e9fis, vous offrant une exp\u00e9rience de conduite in\u00e9gal\u00e9e en termes de durabilit\u00e9 et de r\u00e9sistance. Faites le choix de l&#8217;excellence avec la Teverun Fighter Mini Pro, con\u00e7ue pour ceux qui exigent le meilleur de leur moyen de transport \u00e9lectrique.<\/p>\n<h1><strong>Photo de la Teverun Fighter Mini PRO<\/strong><\/h1>\n<p><a href=\"https:\/\/dualtron-store.com\/wp-content\/uploads\/2024\/07\/Sans-titre-e1721137910644.png\"><img loading=\"lazy\" class=\"alignnone size-medium wp-image-79436\" src=\"https:\/\/dualtron-store.com\/wp-content\/uploads\/2024\/07\/Sans-titre-300x300.png\" alt=\"\" width=\"300\" height=\"300\" \/><\/a><\/p>\n<p><a href=\"https:\/\/dualtron-store.com\/wp-content\/uploads\/2024\/07\/Sans-titre-1-e1721137926940.png\"><img loading=\"lazy\" class=\"alignnone size-medium wp-image-79437\" src=\"https:\/\/dualtron-store.com\/wp-content\/uploads\/2024\/07\/Sans-titre-1-300x300.png\" alt=\"\" width=\"300\" height=\"300\" \/><\/a><\/p>\n<p><a href=\"https:\/\/dualtron-store.com\/wp-content\/uploads\/2024\/07\/Sans-titre-2-e1721137989161.png\"><img loading=\"lazy\" class=\"alignnone size-medium wp-image-79438\" src=\"https:\/\/dualtron-store.com\/wp-content\/uploads\/2024\/07\/Sans-titre-2-300x300.png\" alt=\"\" width=\"300\" height=\"300\" \/><\/a><\/p>\n","protected":false},"excerpt":{"rendered":"<p>Une technologie de pointe pour une performance exceptionnelle D\u00e9couvrez la nouvelle trottinette \u00e9lectrique Teverun Fighter Mini Pro, \u00e9quip\u00e9e d&#8217;une batterie LG 60V25Ah et d&#8217;un syst\u00e8me de gestion intelligente BMS. Avec une autonomie impressionnante de 50 km, cette trottinette excelle dans la durabilit\u00e9 et la fiabilit\u00e9. Son positionnement double moteur \u00e0 l&#8217;avant et \u00e0 l&#8217;arri\u00e8re assure [&hellip;]<\/p>\n","protected":false},"featured_media":79436,"comment_status":"closed","ping_status":"closed","template":"","meta":{"om_disable_all_campaigns":false,"_mi_skip_tracking":false,"_monsterinsights_sitenote_active":false,"_monsterinsights_sitenote_note":"","_monsterinsights_sitenote_category":0},"product_cat":[580,446,20],"product_tag":[],"aioseo_notices":[],"_links":{"self":[{"href":"https:\/\/dualtron-store.com\/index.php\/wp-json\/wp\/v2\/product\/79434"}],"collection":[{"href":"https:\/\/dualtron-store.com\/index.php\/wp-json\/wp\/v2\/product"}],"about":[{"href":"https:\/\/dualtron-store.com\/index.php\/wp-json\/wp\/v2\/types\/product"}],"replies":[{"embeddable":true,"href":"https:\/\/dualtron-store.com\/index.php\/wp-json\/wp\/v2\/comments?post=79434"}],"wp:featuredmedia":[{"embeddable":true,"href":"https:\/\/dualtron-store.com\/index.php\/wp-json\/wp\/v2\/media\/79436"}],"wp:attachment":[{"href":"https:\/\/dualtron-store.com\/index.php\/wp-json\/wp\/v2\/media?parent=79434"}],"wp:term":[{"taxonomy":"product_cat","embeddable":true,"href":"https:\/\/dualtron-store.com\/index.php\/wp-json\/wp\/v2\/product_cat?post=79434"},{"taxonomy":"product_tag","embeddable":true,"href":"https:\/\/dualtron-store.com\/index.php\/wp-json\/wp\/v2\/product_tag?post=79434"}],"curies":[{"name":"wp","href":"https:\/\/api.w.org\/{rel}","templated":true}]}}