{"id":78212,"date":"2024-06-18T15:49:05","date_gmt":"2024-06-18T13:49:05","guid":{"rendered":"https:\/\/dualtron-store.com\/?post_type=product&#038;p=78212"},"modified":"2024-06-24T10:49:34","modified_gmt":"2024-06-24T08:49:34","slug":"commodo-multifonctions-pour-trottinette-dualtron","status":"publish","type":"product","link":"https:\/\/dualtron-store.com\/index.php\/produit\/commodo-multifonctions-pour-trottinette-dualtron\/","title":{"rendered":"Commodo multifonctions pour trottinette Dualtron"},"content":{"rendered":"","protected":false},"excerpt":{"rendered":"<p><strong>Le commodo multifonctions pour trottinette Dualtron est un accessoire pratique et ergonomique qui vous permet de contr\u00f4ler facilement les diff\u00e9rentes fonctions de votre trottinette \u00e9lectrique.<\/strong> Gr\u00e2ce \u00e0 ses boutons intuitifs, vous pouvez ajuster la vitesse, activer les feux et clignotants, ainsi que g\u00e9rer d&#8217;autres param\u00e8tres essentiels en toute simplicit\u00e9. Robuste et facile \u00e0 installer, <strong>ce commodo multifonctions am\u00e9liore grandement votre exp\u00e9rience de conduite en vous offrant un contr\u00f4le total de votre trottinette Dualtron.<\/strong><\/p>\n","protected":false},"featured_media":78213,"comment_status":"open","ping_status":"closed","template":"","meta":{"om_disable_all_campaigns":false,"_mi_skip_tracking":false,"_monsterinsights_sitenote_active":false,"_monsterinsights_sitenote_note":"","_monsterinsights_sitenote_category":0},"product_cat":[18,51],"product_tag":[],"aioseo_notices":[],"_links":{"self":[{"href":"https:\/\/dualtron-store.com\/index.php\/wp-json\/wp\/v2\/product\/78212"}],"collection":[{"href":"https:\/\/dualtron-store.com\/index.php\/wp-json\/wp\/v2\/product"}],"about":[{"href":"https:\/\/dualtron-store.com\/index.php\/wp-json\/wp\/v2\/types\/product"}],"replies":[{"embeddable":true,"href":"https:\/\/dualtron-store.com\/index.php\/wp-json\/wp\/v2\/comments?post=78212"}],"wp:featuredmedia":[{"embeddable":true,"href":"https:\/\/dualtron-store.com\/index.php\/wp-json\/wp\/v2\/media\/78213"}],"wp:attachment":[{"href":"https:\/\/dualtron-store.com\/index.php\/wp-json\/wp\/v2\/media?parent=78212"}],"wp:term":[{"taxonomy":"product_cat","embeddable":true,"href":"https:\/\/dualtron-store.com\/index.php\/wp-json\/wp\/v2\/product_cat?post=78212"},{"taxonomy":"product_tag","embeddable":true,"href":"https:\/\/dualtron-store.com\/index.php\/wp-json\/wp\/v2\/product_tag?post=78212"}],"curies":[{"name":"wp","href":"https:\/\/api.w.org\/{rel}","templated":true}]}}