{"id":77727,"date":"2024-06-13T10:46:05","date_gmt":"2024-06-13T08:46:05","guid":{"rendered":"https:\/\/dualtron-store.com\/?post_type=product&#038;p=77727"},"modified":"2026-03-03T23:41:34","modified_gmt":"2026-03-03T22:41:34","slug":"controleur-led-spider-max","status":"publish","type":"product","link":"https:\/\/dualtron-store.com\/index.php\/produit\/controleur-led-spider-max\/","title":{"rendered":"Controleur led Spider Max"},"content":{"rendered":"","protected":false},"excerpt":{"rendered":"<p><strong>Le contr\u00f4leur LED Spider Max est un accessoire con\u00e7u pour les trottinettes \u00e9lectriques.<\/strong> Il permet de contr\u00f4ler et de personnaliser l&#8217;\u00e9clairage LED de la trottinette en offrant diff\u00e9rentes options d&#8217;\u00e9clairage et d&#8217;animations. <strong>Ce contr\u00f4leur LED est facile \u00e0 installer et \u00e0 utiliser, et il ajoute une touche de style et de visibilit\u00e9 \u00e0 votre trottinette \u00e9lectrique.<\/strong><\/p>\n","protected":false},"featured_media":77728,"comment_status":"open","ping_status":"closed","template":"","meta":{"om_disable_all_campaigns":false,"_mi_skip_tracking":false,"_monsterinsights_sitenote_active":false,"_monsterinsights_sitenote_note":"","_monsterinsights_sitenote_category":0},"product_cat":[743,18,51],"product_tag":[],"aioseo_notices":[],"_links":{"self":[{"href":"https:\/\/dualtron-store.com\/index.php\/wp-json\/wp\/v2\/product\/77727"}],"collection":[{"href":"https:\/\/dualtron-store.com\/index.php\/wp-json\/wp\/v2\/product"}],"about":[{"href":"https:\/\/dualtron-store.com\/index.php\/wp-json\/wp\/v2\/types\/product"}],"replies":[{"embeddable":true,"href":"https:\/\/dualtron-store.com\/index.php\/wp-json\/wp\/v2\/comments?post=77727"}],"wp:featuredmedia":[{"embeddable":true,"href":"https:\/\/dualtron-store.com\/index.php\/wp-json\/wp\/v2\/media\/77728"}],"wp:attachment":[{"href":"https:\/\/dualtron-store.com\/index.php\/wp-json\/wp\/v2\/media?parent=77727"}],"wp:term":[{"taxonomy":"product_cat","embeddable":true,"href":"https:\/\/dualtron-store.com\/index.php\/wp-json\/wp\/v2\/product_cat?post=77727"},{"taxonomy":"product_tag","embeddable":true,"href":"https:\/\/dualtron-store.com\/index.php\/wp-json\/wp\/v2\/product_tag?post=77727"}],"curies":[{"name":"wp","href":"https:\/\/api.w.org\/{rel}","templated":true}]}}