{"id":7597,"date":"2019-12-08T15:58:33","date_gmt":"2019-12-08T14:58:33","guid":{"rendered":"https:\/\/dualtron-store.com\/?post_type=product&#038;p=7597"},"modified":"2026-01-29T16:26:22","modified_gmt":"2026-01-29T15:26:22","slug":"collier-double-renforce-dualtron","status":"publish","type":"product","link":"https:\/\/dualtron-store.com\/index.php\/produit\/collier-double-renforce-dualtron\/","title":{"rendered":"Collier double renforc\u00e9 Dualtron &#8211; Couleur Noir"},"content":{"rendered":"<p><iframe loading=\"lazy\" title=\"Tuto montage collier double Dualtron Forever - trottinette \u00e9lectrique\" width=\"1140\" height=\"641\" src=\"https:\/\/www.youtube.com\/embed\/p2J8mhLNHHk?feature=oembed\" frameborder=\"0\" allow=\"accelerometer; autoplay; clipboard-write; encrypted-media; gyroscope; picture-in-picture; web-share\" referrerpolicy=\"strict-origin-when-cross-origin\" allowfullscreen><\/iframe><\/p>\n","protected":false},"excerpt":{"rendered":"<p><strong>Collier double renforc\u00e9 avec serrages rapides<\/strong>\u00a0pour colonne Dualtron.<br \/>\nCette bague renforce le maintien de la colonne.<\/p>\n<p><strong>Les b\u00e9n\u00e9fices:<\/strong><br \/>\n<strong>&#8211;\u00a0suppression du jeu,<\/strong><br \/>\n<strong>&#8211; suppression du bruit de craquement,<\/strong><br \/>\n<strong>&#8211; R\u00e9duit le guidonnage,<\/strong><br \/>\n<strong>&#8211; permet de conserver le pliage de la colonne.<\/strong><br \/>\nUsinage CNC sur mesure haute pr\u00e9cision. Le diam\u00e8tre int\u00e9rieur \u00e0 2 \u00e9paisseurs pour \u00e9pouser parfaitement la colonne.<\/p>\n","protected":false},"featured_media":57796,"comment_status":"open","ping_status":"closed","template":"","meta":{"om_disable_all_campaigns":false,"_mi_skip_tracking":false,"_monsterinsights_sitenote_active":false,"_monsterinsights_sitenote_note":"","_monsterinsights_sitenote_category":0},"product_cat":[275,288,277,618,276,278,274,279,280,704,18,51],"product_tag":[],"aioseo_notices":[],"_links":{"self":[{"href":"https:\/\/dualtron-store.com\/index.php\/wp-json\/wp\/v2\/product\/7597"}],"collection":[{"href":"https:\/\/dualtron-store.com\/index.php\/wp-json\/wp\/v2\/product"}],"about":[{"href":"https:\/\/dualtron-store.com\/index.php\/wp-json\/wp\/v2\/types\/product"}],"replies":[{"embeddable":true,"href":"https:\/\/dualtron-store.com\/index.php\/wp-json\/wp\/v2\/comments?post=7597"}],"wp:featuredmedia":[{"embeddable":true,"href":"https:\/\/dualtron-store.com\/index.php\/wp-json\/wp\/v2\/media\/57796"}],"wp:attachment":[{"href":"https:\/\/dualtron-store.com\/index.php\/wp-json\/wp\/v2\/media?parent=7597"}],"wp:term":[{"taxonomy":"product_cat","embeddable":true,"href":"https:\/\/dualtron-store.com\/index.php\/wp-json\/wp\/v2\/product_cat?post=7597"},{"taxonomy":"product_tag","embeddable":true,"href":"https:\/\/dualtron-store.com\/index.php\/wp-json\/wp\/v2\/product_tag?post=7597"}],"curies":[{"name":"wp","href":"https:\/\/api.w.org\/{rel}","templated":true}]}}