{"id":74471,"date":"2024-03-31T18:01:05","date_gmt":"2024-03-31T16:01:05","guid":{"rendered":"https:\/\/dualtron-store.com\/?post_type=product&#038;p=74471"},"modified":"2026-04-04T16:59:35","modified_gmt":"2026-04-04T14:59:35","slug":"kit-freins-nutt-4-pistons","status":"publish","type":"product","link":"https:\/\/dualtron-store.com\/index.php\/produit\/kit-freins-nutt-4-pistons\/","title":{"rendered":"Kit freins nutt 4 pistons"},"content":{"rendered":"","protected":false},"excerpt":{"rendered":"<p>D\u00e9couvrez ce kit complet de freins Nutt 4 pistons pour votre trottinette \u00e9lectrique,<strong> comprenant deux leviers de frein Nutt, deux \u00e9triers Nutt 4 pistons et 2 plaquettes d\u00e9j\u00e0 install\u00e9es.<\/strong><\/p>\n<p>Ce kit vous permet d&#8217;augmenter significativement le freinage de votre trottinette \u00e9lectrique.<\/p>\n<p>N&#8217;h\u00e9sitez pas \u00e0 nous contacter par mail (info@dualtron-store.com) ou par t\u00e9l\u00e9phone (06 95 90 31 91) pour confirmer la compatibilit\u00e9 avec votre Dualtron.<\/p>\n","protected":false},"featured_media":74472,"comment_status":"open","ping_status":"closed","template":"","meta":{"om_disable_all_campaigns":false,"_mi_skip_tracking":false,"_monsterinsights_sitenote_active":false,"_monsterinsights_sitenote_note":"","_monsterinsights_sitenote_category":0},"product_cat":[348,526,525,18,51],"product_tag":[],"aioseo_notices":[],"_links":{"self":[{"href":"https:\/\/dualtron-store.com\/index.php\/wp-json\/wp\/v2\/product\/74471"}],"collection":[{"href":"https:\/\/dualtron-store.com\/index.php\/wp-json\/wp\/v2\/product"}],"about":[{"href":"https:\/\/dualtron-store.com\/index.php\/wp-json\/wp\/v2\/types\/product"}],"replies":[{"embeddable":true,"href":"https:\/\/dualtron-store.com\/index.php\/wp-json\/wp\/v2\/comments?post=74471"}],"wp:featuredmedia":[{"embeddable":true,"href":"https:\/\/dualtron-store.com\/index.php\/wp-json\/wp\/v2\/media\/74472"}],"wp:attachment":[{"href":"https:\/\/dualtron-store.com\/index.php\/wp-json\/wp\/v2\/media?parent=74471"}],"wp:term":[{"taxonomy":"product_cat","embeddable":true,"href":"https:\/\/dualtron-store.com\/index.php\/wp-json\/wp\/v2\/product_cat?post=74471"},{"taxonomy":"product_tag","embeddable":true,"href":"https:\/\/dualtron-store.com\/index.php\/wp-json\/wp\/v2\/product_tag?post=74471"}],"curies":[{"name":"wp","href":"https:\/\/api.w.org\/{rel}","templated":true}]}}