{"id":74450,"date":"2024-03-30T21:32:03","date_gmt":"2024-03-30T20:32:03","guid":{"rendered":"https:\/\/dualtron-store.com\/?post_type=product&#038;p=74450"},"modified":"2026-04-18T13:45:53","modified_gmt":"2026-04-18T11:45:53","slug":"disque-de-frein-renforce-160-entraxe-48mm","status":"publish","type":"product","link":"https:\/\/dualtron-store.com\/index.php\/produit\/disque-de-frein-renforce-160-entraxe-48mm\/","title":{"rendered":"Disque de frein renforc\u00e9 160 entraxe 48mm"},"content":{"rendered":"","protected":false},"excerpt":{"rendered":"<div class=\"w-full text-token-text-primary\" data-testid=\"conversation-turn-7\">\n<div class=\"px-4 py-2 justify-center text-base md:gap-6 m-auto\">\n<div class=\"flex flex-1 text-base mx-auto gap-3 md:px-5 lg:px-1 xl:px-5 md:max-w-3xl lg:max-w-[40rem] xl:max-w-[48rem] group final-completion\">\n<div class=\"relative flex w-full flex-col agent-turn\">\n<div class=\"flex-col gap-1 md:gap-3\">\n<div class=\"flex flex-grow flex-col max-w-full\">\n<div class=\"min-h-[20px] text-message flex flex-col items-start gap-3 whitespace-pre-wrap break-words [.text-message+&amp;]:mt-5 overflow-x-auto\" data-message-author-role=\"assistant\" data-message-id=\"679e3d01-00a0-449c-ae4f-2fdd448ff84d\">\n<div class=\"markdown prose w-full break-words dark:prose-invert light\">\n<p><strong>D\u00e9couvrez un disque de frein de 160 mm, con\u00e7u pour une performance optimale sur votre trottinette \u00e9lectrique.<\/strong> Dot\u00e9 d&#8217;un entraxe de 48 mm et d&#8217;une \u00e9paisseur de 3 mm, ce disque assure un freinage efficace et s\u00e9curis\u00e9 \u00e0 chaque utilisation. Sa construction robuste garantit une durabilit\u00e9 \u00e0 long terme, offrant une tranquillit\u00e9 d&#8217;esprit lors de vos d\u00e9placements. <strong>Avec ce composant de haute qualit\u00e9, profitez d&#8217;une conduite en toute confiance, quelles que soient les conditions de la route.<\/strong><\/p>\n<\/div>\n<\/div>\n<\/div>\n<\/div>\n<\/div>\n<\/div>\n<\/div>\n<\/div>\n","protected":false},"featured_media":74451,"comment_status":"open","ping_status":"closed","template":"","meta":{"om_disable_all_campaigns":false,"_mi_skip_tracking":false,"_monsterinsights_sitenote_active":false,"_monsterinsights_sitenote_note":"","_monsterinsights_sitenote_category":0},"product_cat":[348,526,617,734,274,525,744,745,18,51],"product_tag":[],"aioseo_notices":[],"_links":{"self":[{"href":"https:\/\/dualtron-store.com\/index.php\/wp-json\/wp\/v2\/product\/74450"}],"collection":[{"href":"https:\/\/dualtron-store.com\/index.php\/wp-json\/wp\/v2\/product"}],"about":[{"href":"https:\/\/dualtron-store.com\/index.php\/wp-json\/wp\/v2\/types\/product"}],"replies":[{"embeddable":true,"href":"https:\/\/dualtron-store.com\/index.php\/wp-json\/wp\/v2\/comments?post=74450"}],"wp:featuredmedia":[{"embeddable":true,"href":"https:\/\/dualtron-store.com\/index.php\/wp-json\/wp\/v2\/media\/74451"}],"wp:attachment":[{"href":"https:\/\/dualtron-store.com\/index.php\/wp-json\/wp\/v2\/media?parent=74450"}],"wp:term":[{"taxonomy":"product_cat","embeddable":true,"href":"https:\/\/dualtron-store.com\/index.php\/wp-json\/wp\/v2\/product_cat?post=74450"},{"taxonomy":"product_tag","embeddable":true,"href":"https:\/\/dualtron-store.com\/index.php\/wp-json\/wp\/v2\/product_tag?post=74450"}],"curies":[{"name":"wp","href":"https:\/\/api.w.org\/{rel}","templated":true}]}}