{"id":74437,"date":"2024-03-30T17:11:44","date_gmt":"2024-03-30T16:11:44","guid":{"rendered":"https:\/\/dualtron-store.com\/?post_type=product&#038;p=74437"},"modified":"2025-12-05T17:04:37","modified_gmt":"2025-12-05T16:04:37","slug":"led-warning-dualtron-achilleus-2024-thunder-3","status":"publish","type":"product","link":"https:\/\/dualtron-store.com\/index.php\/produit\/led-warning-dualtron-achilleus-2024-thunder-3\/","title":{"rendered":"Led Warning Dualtron Achilleus 2024, Thunder 3"},"content":{"rendered":"","protected":false},"excerpt":{"rendered":"<p><strong>Les LED Warning Dualtron Achilleus 2024, Thunder 3 sont un ajout indispensable \u00e0 votre trottinette \u00e9lectrique.<\/strong> Con\u00e7ues pour les mod\u00e8les Dualtron Achilleus 2024 et Thunder 3, ces lumi\u00e8res de signalisation am\u00e9liorent la visibilit\u00e9 et la s\u00e9curit\u00e9 lors de vos d\u00e9placements. Leur \u00e9clairage vif et clignotant alerte efficacement les autres usagers de la route, r\u00e9duisant ainsi les risques d&#8217;accident. <strong>Faciles \u00e0 installer et \u00e0 utiliser, ces LED Warning sont un choix judicieux pour renforcer la s\u00e9curit\u00e9 de votre exp\u00e9rience de conduite en trottinette \u00e9lectrique.<\/strong><\/p>\n","protected":false},"featured_media":74439,"comment_status":"open","ping_status":"closed","template":"","meta":{"om_disable_all_campaigns":false,"_mi_skip_tracking":false,"_monsterinsights_sitenote_active":false,"_monsterinsights_sitenote_note":"","_monsterinsights_sitenote_category":0},"product_cat":[525,18,51],"product_tag":[],"aioseo_notices":[],"_links":{"self":[{"href":"https:\/\/dualtron-store.com\/index.php\/wp-json\/wp\/v2\/product\/74437"}],"collection":[{"href":"https:\/\/dualtron-store.com\/index.php\/wp-json\/wp\/v2\/product"}],"about":[{"href":"https:\/\/dualtron-store.com\/index.php\/wp-json\/wp\/v2\/types\/product"}],"replies":[{"embeddable":true,"href":"https:\/\/dualtron-store.com\/index.php\/wp-json\/wp\/v2\/comments?post=74437"}],"wp:featuredmedia":[{"embeddable":true,"href":"https:\/\/dualtron-store.com\/index.php\/wp-json\/wp\/v2\/media\/74439"}],"wp:attachment":[{"href":"https:\/\/dualtron-store.com\/index.php\/wp-json\/wp\/v2\/media?parent=74437"}],"wp:term":[{"taxonomy":"product_cat","embeddable":true,"href":"https:\/\/dualtron-store.com\/index.php\/wp-json\/wp\/v2\/product_cat?post=74437"},{"taxonomy":"product_tag","embeddable":true,"href":"https:\/\/dualtron-store.com\/index.php\/wp-json\/wp\/v2\/product_tag?post=74437"}],"curies":[{"name":"wp","href":"https:\/\/api.w.org\/{rel}","templated":true}]}}