{"id":74377,"date":"2024-03-29T09:06:32","date_gmt":"2024-03-29T08:06:32","guid":{"rendered":"https:\/\/dualtron-store.com\/?post_type=product&#038;p=74377"},"modified":"2026-04-09T20:34:53","modified_gmt":"2026-04-09T18:34:53","slug":"cle-de-serrage-ecrou-de-direction-dualtron","status":"publish","type":"product","link":"https:\/\/dualtron-store.com\/index.php\/produit\/cle-de-serrage-ecrou-de-direction-dualtron\/","title":{"rendered":"Outil cl\u00e9 de serrage \u00e9crou de direction Dualtron"},"content":{"rendered":"<p><iframe loading=\"lazy\" title=\"TUTO Entretien - Remplacement roulements de direction Dualtron Victor\" width=\"1140\" height=\"641\" src=\"https:\/\/www.youtube.com\/embed\/QNe3dhbXK_Y?feature=oembed\" frameborder=\"0\" allow=\"accelerometer; autoplay; clipboard-write; encrypted-media; gyroscope; picture-in-picture; web-share\" referrerpolicy=\"strict-origin-when-cross-origin\" allowfullscreen><\/iframe><\/p>\n","protected":false},"excerpt":{"rendered":"<p>Cl\u00e9 de serrage \u00e9crou de direction Dualtron.<\/p>\n<p>Id\u00e9ale pour d\u00e9visser et revisser vos \u00e9crous de direction de votre trottinette \u00e9lectrique Dualtron.<\/p>\n<p>&nbsp;<\/p>\n","protected":false},"featured_media":74378,"comment_status":"open","ping_status":"closed","template":"","meta":{"om_disable_all_campaigns":false,"_mi_skip_tracking":false,"_monsterinsights_sitenote_active":false,"_monsterinsights_sitenote_note":"","_monsterinsights_sitenote_category":0},"product_cat":[345,348,346,526,617,545,743,272,325,613,616,18,51,17],"product_tag":[],"aioseo_notices":[],"_links":{"self":[{"href":"https:\/\/dualtron-store.com\/index.php\/wp-json\/wp\/v2\/product\/74377"}],"collection":[{"href":"https:\/\/dualtron-store.com\/index.php\/wp-json\/wp\/v2\/product"}],"about":[{"href":"https:\/\/dualtron-store.com\/index.php\/wp-json\/wp\/v2\/types\/product"}],"replies":[{"embeddable":true,"href":"https:\/\/dualtron-store.com\/index.php\/wp-json\/wp\/v2\/comments?post=74377"}],"wp:featuredmedia":[{"embeddable":true,"href":"https:\/\/dualtron-store.com\/index.php\/wp-json\/wp\/v2\/media\/74378"}],"wp:attachment":[{"href":"https:\/\/dualtron-store.com\/index.php\/wp-json\/wp\/v2\/media?parent=74377"}],"wp:term":[{"taxonomy":"product_cat","embeddable":true,"href":"https:\/\/dualtron-store.com\/index.php\/wp-json\/wp\/v2\/product_cat?post=74377"},{"taxonomy":"product_tag","embeddable":true,"href":"https:\/\/dualtron-store.com\/index.php\/wp-json\/wp\/v2\/product_tag?post=74377"}],"curies":[{"name":"wp","href":"https:\/\/api.w.org\/{rel}","templated":true}]}}