{"id":73824,"date":"2024-03-16T12:08:28","date_gmt":"2024-03-16T11:08:28","guid":{"rendered":"https:\/\/dualtron-store.com\/?post_type=product&#038;p=73824"},"modified":"2024-08-28T15:48:41","modified_gmt":"2024-08-28T13:48:41","slug":"phare-klaxon-commodo-phare-klaxon-montage","status":"publish","type":"product","link":"https:\/\/dualtron-store.com\/index.php\/produit\/phare-klaxon-commodo-phare-klaxon-montage\/","title":{"rendered":"Phare-klaxon + commodo phare klaxon + montage"},"content":{"rendered":"","protected":false},"excerpt":{"rendered":"<p>La trottinette \u00e9lectrique est \u00e9quip\u00e9e d&#8217;un syst\u00e8me int\u00e9gr\u00e9 de phare et de klaxon pour assurer la s\u00e9curit\u00e9 de l&#8217;utilisateur lors de ses d\u00e9placements. Le commodo situ\u00e9 sur le guidon permet un contr\u00f4le facile et rapide des fonctions phare et klaxon. Le montage de ce dispositif est simple et rapide, offrant ainsi une solution pratique pour une conduite urbaine s\u00e9curis\u00e9e, de jour comme de nuit.<\/p>\n","protected":false},"featured_media":73825,"comment_status":"open","ping_status":"closed","template":"","meta":{"om_disable_all_campaigns":false,"_mi_skip_tracking":false,"_monsterinsights_sitenote_active":false,"_monsterinsights_sitenote_note":"","_monsterinsights_sitenote_category":0},"product_cat":[580],"product_tag":[],"aioseo_notices":[],"_links":{"self":[{"href":"https:\/\/dualtron-store.com\/index.php\/wp-json\/wp\/v2\/product\/73824"}],"collection":[{"href":"https:\/\/dualtron-store.com\/index.php\/wp-json\/wp\/v2\/product"}],"about":[{"href":"https:\/\/dualtron-store.com\/index.php\/wp-json\/wp\/v2\/types\/product"}],"replies":[{"embeddable":true,"href":"https:\/\/dualtron-store.com\/index.php\/wp-json\/wp\/v2\/comments?post=73824"}],"wp:featuredmedia":[{"embeddable":true,"href":"https:\/\/dualtron-store.com\/index.php\/wp-json\/wp\/v2\/media\/73825"}],"wp:attachment":[{"href":"https:\/\/dualtron-store.com\/index.php\/wp-json\/wp\/v2\/media?parent=73824"}],"wp:term":[{"taxonomy":"product_cat","embeddable":true,"href":"https:\/\/dualtron-store.com\/index.php\/wp-json\/wp\/v2\/product_cat?post=73824"},{"taxonomy":"product_tag","embeddable":true,"href":"https:\/\/dualtron-store.com\/index.php\/wp-json\/wp\/v2\/product_tag?post=73824"}],"curies":[{"name":"wp","href":"https:\/\/api.w.org\/{rel}","templated":true}]}}