{"id":73655,"date":"2024-03-13T11:50:00","date_gmt":"2024-03-13T10:50:00","guid":{"rendered":"https:\/\/dualtron-store.com\/?post_type=product&#038;p=73655"},"modified":"2026-04-17T23:50:18","modified_gmt":"2026-04-17T21:50:18","slug":"dualtron-forever","status":"publish","type":"product","link":"https:\/\/dualtron-store.com\/index.php\/produit\/dualtron-forever\/","title":{"rendered":"Dualtron Forever &#8211; limited &#8211; 18,2 ah &#8211; 24 ah ou 30 ah"},"content":{"rendered":"<h2><strong>Dualtron FOREVER : La Libert\u00e9 \u00c9lectrique Red\u00e9finie<\/strong><\/h2>\n<p>La <strong>Dualtron FOREVER<\/strong> est bien plus qu&#8217;une simple trottinette \u00e9lectrique. Ses atouts sont nombreux pour un rapport qualit\u00e9 prix exceptionnel. Dot\u00e9e d&#8217;une batterie de 60V, elle vous emm\u00e8nera sur une distance de 35 km \u00e0 70 km en fonction du type de batterie ( cf ci-dessous pour l&#8217;autonomie) . De plus, elle dispose d&#8217;un chassis solide et l\u00e9ger. De ce fait, elle pr\u00e9sente un supper rapport poids \/ performances . Elle pourra \u00eatre utilis\u00e9e en multi-modalit\u00e9 ais\u00e9ment.<\/p>\n<p>&nbsp;<\/p>\n<h2><strong>3 versions : limited 18,2 ah \/ 24 ah \/ 30 ah &#8211; freins disques hydrauliques<\/strong><\/h2>\n<p>3 variantes sont propos\u00e9es pour la <strong>dualtron forever<\/strong> :<br \/>\n&#8211; <strong>limited<\/strong> <strong>batterie 18,2 ah &#8211; freins hydrauliques NUTT ( autonomie r\u00e9elle : environ 35 km )<\/strong> : cette forever est \u00e9quip\u00e9 de l&#8217;\u00e9cran EY4 connect\u00e9 , du collier double renforc\u00e9 que nous offrons et de freins disques hydrauliques NUTT &#8211; le deck de cette version est 6cm plus long que la version classique. Cette version p\u00e8se 27 kg.<br \/>\n&#8211; <strong>limited batterie 24 ah &#8211; freins hydrauliques NUTT<\/strong> <strong>( autonomie r\u00e9elle : environ 50 km )<\/strong>: cette version dispose de l&#8217;\u00e9cran EY4 connect\u00e9, du collier double renforc\u00e9 offert et des freins disques NUTT. Le deck est rallong\u00e9 de 6 cm viv \u00e0 vis de la version classique. son poids est de 28 kg.<br \/>\n&#8211; <strong>limited batterie 30 ah &#8211; freins hydrauliques NUTT ( autonomie r\u00e9elle : plus de 60 km )<\/strong> : cette version dispose de l&#8217;\u00e9cran EY4 connect\u00e9, du collier double renforc\u00e9 offert et des freins disques NUTT. Le deck est rallong\u00e9 de 6 cm viv \u00e0 vis de la version classique. son poids est de 29 kg.<\/p>\n<p>&nbsp;<\/p>\n<h2><strong>Performances sans compromis<\/strong><\/h2>\n<p>Gr\u00e2ce \u00e0 ses moteurs brushless puissants , la <strong>Dualtron FOREVER<\/strong>\u00a0vous permettra d&#8217;atteindre 65 km\/h sur voie priv\u00e9e. \u00a0De plus, elle dispose du nouvel \u00e9cran EY4. Coupl\u00e9e \u00e0 l&#8217;application Dualtron de votre t\u00e9l\u00e9phone, elle vous apporte une ergonomie sans \u00e9gal.<\/p>\n<p>&nbsp;<\/p>\n<h2><strong>Conception Robuste et Praticit\u00e9 Maximale<\/strong><\/h2>\n<p>Compacte et portable, la <strong>Dualtron FOREVER<\/strong>\u00a0se plie facilement. Son poids est tr\u00e8s int\u00e9ressant: moins de 28 kg. De ce fait, vous pourrez l&#8217;emporter partout. Que vous vous d\u00e9placiez en ville ou que vous ridez les routes de campagne, elle s&#8217;adapte \u00e0 tous les environnements. Avec des dimensions r\u00e9duites, une fois repli\u00e9e, elle se glisse facilement dans les espaces restreints.<\/p>\n<p>&nbsp;<\/p>\n<h2><strong>Un rapport qualit\u00e9 prix incroyable<\/strong><\/h2>\n<p>Cette <strong>Dualtron FOREVER <\/strong>est propos\u00e9e \u00e0 un tarif tr\u00e8s abordable au regard de ses caract\u00e9ristiques. Une Dualtron double moteur en 60V avec freins \u00e0 disques hydrauliques et \u00e9cran EY4 pour un tarif l\u00e9g\u00e8rement sup\u00e9rieur \u00e0 1000 euros !!<\/p>\n<p>&nbsp;<\/p>\n<h2><strong>Freins hydrauliques et \u00e9cran EY4<\/strong><\/h2>\n<p>De s\u00e9rie, les <strong>Dualtron Forever<\/strong> disposent de freins disques hydrauliques. Toutes les versions limited sont en NUTT. Les forever sont d\u00e9sormais toutes \u00e9quip\u00e9es du magnifique \u00e9cran EY4.<\/p>\n<p>&nbsp;<\/p>\n<h2><strong>Videos de la Dualtron forever\u00a0<\/strong><\/h2>\n<p><iframe loading=\"lazy\" title=\"DUALTRON FOREVER LUXURY !\" width=\"1140\" height=\"641\" src=\"https:\/\/www.youtube.com\/embed\/dD1xF2PvbEo?feature=oembed\" frameborder=\"0\" allow=\"accelerometer; autoplay; clipboard-write; encrypted-media; gyroscope; picture-in-picture; web-share\" referrerpolicy=\"strict-origin-when-cross-origin\" allowfullscreen><\/iframe><\/p>\n<p><iframe loading=\"lazy\" title=\"DUALTRON FOREVER NEW EXCLUSIVITY !\" width=\"1140\" height=\"641\" src=\"https:\/\/www.youtube.com\/embed\/OAtb4-JSvsw?feature=oembed\" frameborder=\"0\" allow=\"accelerometer; autoplay; clipboard-write; encrypted-media; gyroscope; picture-in-picture; web-share\" referrerpolicy=\"strict-origin-when-cross-origin\" allowfullscreen><\/iframe><\/p>\n<p><iframe loading=\"lazy\" title=\"Dualtron forever Limited - l\u00e9g\u00e8re et grosse autonomie !!!  trottinette \u00e9lectrique\" width=\"1140\" height=\"641\" src=\"https:\/\/www.youtube.com\/embed\/D97GEAWIg1A?feature=oembed\" frameborder=\"0\" allow=\"accelerometer; autoplay; clipboard-write; encrypted-media; gyroscope; picture-in-picture; web-share\" referrerpolicy=\"strict-origin-when-cross-origin\" allowfullscreen><\/iframe><\/p>\n<p><iframe loading=\"lazy\" title=\"Video Test Dualtron Forever - trottinette \u00e9lectrique\" width=\"1140\" height=\"641\" src=\"https:\/\/www.youtube.com\/embed\/V0LSAvnk_vg?feature=oembed\" frameborder=\"0\" allow=\"accelerometer; autoplay; clipboard-write; encrypted-media; gyroscope; picture-in-picture; web-share\" referrerpolicy=\"strict-origin-when-cross-origin\" allowfullscreen><\/iframe><\/p>\n<p><iframe loading=\"lazy\" title=\"CUSTOM DUALTRON FOREVER   TROTTINETTE ELECTRIQUE\" width=\"1140\" height=\"641\" src=\"https:\/\/www.youtube.com\/embed\/ZzKPBQrtLwY?feature=oembed\" frameborder=\"0\" allow=\"accelerometer; autoplay; clipboard-write; encrypted-media; gyroscope; picture-in-picture; web-share\" referrerpolicy=\"strict-origin-when-cross-origin\" allowfullscreen><\/iframe><\/p>\n<p><iframe loading=\"lazy\" title=\"Dualtron Forever version Dualtron Store \u00ae - boutique officielle trottinette \u00e9lectrique DUALTRON\" width=\"1140\" height=\"641\" src=\"https:\/\/www.youtube.com\/embed\/NJ_nZtJTSkM?feature=oembed\" frameborder=\"0\" allow=\"accelerometer; autoplay; clipboard-write; encrypted-media; gyroscope; picture-in-picture; web-share\" referrerpolicy=\"strict-origin-when-cross-origin\" allowfullscreen><\/iframe><\/p>\n<p>&nbsp;<\/p>\n<p>&nbsp;<\/p>\n<p><iframe loading=\"lazy\" title=\"DUALTRON FOREVER - NOUVELLE TROTTINETTE \u00c9LECTRIQUE \u00c0 MOINS DE 1300\u20ac !\" width=\"1140\" height=\"641\" src=\"https:\/\/www.youtube.com\/embed\/s3762aQOQ0Y?feature=oembed\" frameborder=\"0\" allow=\"accelerometer; autoplay; clipboard-write; encrypted-media; gyroscope; picture-in-picture; web-share\" referrerpolicy=\"strict-origin-when-cross-origin\" allowfullscreen><\/iframe><\/p>\n<h2><strong>Photo de la Dualtron FOREVER :<\/strong><\/h2>\n<p><a href=\"https:\/\/dualtron-store.com\/wp-content\/uploads\/2024\/03\/DT-Forever-3-scaled-e1710496332537.jpeg\"><img loading=\"lazy\" class=\"alignnone size-medium wp-image-73767\" src=\"https:\/\/dualtron-store.com\/wp-content\/uploads\/2024\/03\/DT-Forever-3-scaled-e1710496309131-300x300.jpeg\" alt=\"\" width=\"300\" height=\"300\" \/><\/a><\/p>\n<p><a href=\"https:\/\/dualtron-store.com\/wp-content\/uploads\/2024\/03\/DT-Forever-5-scaled-e1710496436330.jpeg\"><img loading=\"lazy\" class=\"alignnone size-medium wp-image-73765\" src=\"https:\/\/dualtron-store.com\/wp-content\/uploads\/2024\/03\/DT-Forever-5-scaled-e1710496388591-300x300.jpeg\" alt=\"\" width=\"300\" height=\"300\" \/><\/a><\/p>\n<p><a href=\"https:\/\/dualtron-store.com\/wp-content\/uploads\/2024\/03\/DT-Forever-4-1-scaled.jpeg\"><img loading=\"lazy\" class=\"alignnone size-medium wp-image-73766\" src=\"https:\/\/dualtron-store.com\/wp-content\/uploads\/2024\/03\/DT-Forever-4-1-300x232.jpeg\" alt=\"\" width=\"300\" height=\"232\" \/><\/a><\/p>\n<p>&nbsp;<\/p>\n<h2><strong>Pourquoi acheter la Dualtron FOREVER chez DUALTRON Store ?<\/strong><\/h2>\n<p><strong>DUALTRON Store, boutique\u00a0officielle de la marque,<\/strong>\u00a0dispose \u00e0 son catalogue l&#8217;ensemble des trottinettes \u00e9lectriques du Fabricant Minimotors ( Dualtron, Futecher et Speedway) et\u00a0vous offre un service <strong>PREMIUM<\/strong> .<\/p>\n<p>Avant remise au client ou exp\u00e9dition, La <strong>Dualtron Forever<\/strong>\u00a0passera par l&#8217;atelier et\u00a0sera contr\u00f4l\u00e9e et r\u00e9gl\u00e9e suivant vos attentes (bridage ou pas, r\u00e9glage du niveau de puissance, montage d&#8217;accessoires, installation d&#8217;accessoires de customisation, &#8230;).<\/p>\n<p>Par ailleurs, la <strong>Dualtron Forever\u00a0<\/strong>vendue par <strong>Dualtron Store<\/strong> est \u00e9quip\u00e9e de s\u00e9rie d&#8217;un collier double renforc\u00e9. De plus, celles que nous proposons sont TOUTES \u00e9quip\u00e9es de freins hydraulique et du magnifique \u00e9cran EY4.<\/p>\n<p><strong>Ne vous tromper pas de boutique, commandez sur notre site WEB !<\/strong><\/p>\n<p>Vous pouvez nous joindre au 07 61 87 64 04 ou au 06 95 90 31 91 afin de vous apporter plus de renseignement sur cette <strong>Dualtron Forever. Etant tr\u00e8s sollicit\u00e9s, laissez nous un sms afin que nous puissions vous rappeler si nous ne sommes pas joignables.<\/strong><\/p>\n<p>&nbsp;<\/p>\n","protected":false},"excerpt":{"rendered":"<p><img loading=\"lazy\" class=\"alignnone wp-image-614\" src=\"https:\/\/dualtron-store.com\/wp-content\/uploads\/2018\/06\/dulatron.png\" alt=\"\" width=\"246\" height=\"52\" \/><\/p>\n<p><strong>La dualtron Forever<\/strong>\u00a0est une nouveaut\u00e9 MiniMotors bas\u00e9e sur un chassis l\u00e9ger et robuste. Equip\u00e9e de pneus en 10 pouces et de 2 moteurs puissants, cette nouvelle <strong>Dualtron Forever<\/strong> est sans aucun doute un des meilleurs compromis prix \/ puissance \/ l\u00e9g\u00e8ret\u00e9 du march\u00e9. 3 d\u00e9clinaisons possibles : batterie 18,2 ah , 24 ah et 30 ah.<\/p>\n<p><strong><span style=\"color: #333399;\">Pour vous assurer une s\u00e9curit\u00e9 optimale, Dualtron Store vous installe de s\u00e9rie un collier double renforc\u00e9 sur la colonne de direction .<br \/>\nDe plus, TOUTES les versions sont d\u00e9sormais en freins hydrauliques et disposent de <span style=\"caret-color: #333399;\">l&#8217;\u00e9cran<\/span> EY4 !<\/span><\/strong><\/p>\n<p><strong><span style=\"color: #800080;\">Possibilit\u00e9 de paiement en 3X ou 4X par Carte Bancaire sans frais ou en 10X \u00e0 60X.<\/span><\/strong><\/p>\n<p><span style=\"color: #ff0000;\"><b>EN STOCK<\/b><\/span><\/p>\n<p><strong><span style=\"color: #000000;\">N&#8217;h\u00e9sitez pas \u00e0 nous contactez au 07 61 87 64 04.<\/span><\/strong><\/p>\n","protected":false},"featured_media":86619,"comment_status":"open","ping_status":"closed","template":"","meta":{"om_disable_all_campaigns":false,"_mi_skip_tracking":false,"_monsterinsights_sitenote_active":false,"_monsterinsights_sitenote_note":"","_monsterinsights_sitenote_category":0},"product_cat":[20,38],"product_tag":[],"aioseo_notices":[],"_links":{"self":[{"href":"https:\/\/dualtron-store.com\/index.php\/wp-json\/wp\/v2\/product\/73655"}],"collection":[{"href":"https:\/\/dualtron-store.com\/index.php\/wp-json\/wp\/v2\/product"}],"about":[{"href":"https:\/\/dualtron-store.com\/index.php\/wp-json\/wp\/v2\/types\/product"}],"replies":[{"embeddable":true,"href":"https:\/\/dualtron-store.com\/index.php\/wp-json\/wp\/v2\/comments?post=73655"}],"wp:featuredmedia":[{"embeddable":true,"href":"https:\/\/dualtron-store.com\/index.php\/wp-json\/wp\/v2\/media\/86619"}],"wp:attachment":[{"href":"https:\/\/dualtron-store.com\/index.php\/wp-json\/wp\/v2\/media?parent=73655"}],"wp:term":[{"taxonomy":"product_cat","embeddable":true,"href":"https:\/\/dualtron-store.com\/index.php\/wp-json\/wp\/v2\/product_cat?post=73655"},{"taxonomy":"product_tag","embeddable":true,"href":"https:\/\/dualtron-store.com\/index.php\/wp-json\/wp\/v2\/product_tag?post=73655"}],"curies":[{"name":"wp","href":"https:\/\/api.w.org\/{rel}","templated":true}]}}