{"id":73265,"date":"2024-03-03T13:25:18","date_gmt":"2024-03-03T12:25:18","guid":{"rendered":"https:\/\/dualtron-store.com\/?post_type=product&#038;p=73265"},"modified":"2025-02-19T00:13:51","modified_gmt":"2025-02-18T23:13:51","slug":"adaptateur-ancien-chargeur-vers-nouveau-port-de-charge-dualtron","status":"publish","type":"product","link":"https:\/\/dualtron-store.com\/index.php\/produit\/adaptateur-ancien-chargeur-vers-nouveau-port-de-charge-dualtron\/","title":{"rendered":"Adaptateur ancien chargeur vers nouveau port de charge Dualtron"},"content":{"rendered":"","protected":false},"excerpt":{"rendered":"<div class=\"w-full text-token-text-primary\" data-testid=\"conversation-turn-2\">\n<div class=\"px-4 py-2 justify-center text-base md:gap-6 m-auto\">\n<div class=\"flex flex-1 text-base mx-auto gap-3 md:px-5 lg:px-1 xl:px-5 md:max-w-3xl lg:max-w-[40rem] xl:max-w-[48rem] group final-completion\">\n<div class=\"relative flex w-full flex-col agent-turn\">\n<div class=\"flex-col gap-1 md:gap-3\">\n<div class=\"flex flex-grow flex-col max-w-full\">\n<div class=\"min-h-[20px] text-message flex flex-col items-start gap-3 whitespace-pre-wrap break-words [.text-message+&amp;]:mt-5 overflow-x-auto\" data-message-author-role=\"assistant\" data-message-id=\"27762274-f72d-488c-bfe8-33cf3595c978\">\n<div class=\"markdown prose w-full break-words dark:prose-invert light\">\n<p>L&#8217;adaptateur de charge Dualtron vous permet de connecter un ancien chargeur \u00e0 un nouveau port de charge sur votre trottinette \u00e9lectrique. Avec sa conception pratique et sa compatibilit\u00e9 polyvalente, cet adaptateur vous offre la possibilit\u00e9 de recharger votre trottinette sans avoir \u00e0 investir dans un nouveau chargeur. Simplifiez votre exp\u00e9rience de charge et prolongez la dur\u00e9e de vie de votre trottinette \u00e9lectrique avec cet accessoire pratique et \u00e9conomique.<\/p>\n<\/div>\n<\/div>\n<\/div>\n<\/div>\n<\/div>\n<\/div>\n<\/div>\n<\/div>\n<p>&nbsp;<\/p>\n","protected":false},"featured_media":73266,"comment_status":"open","ping_status":"closed","template":"","meta":{"om_disable_all_campaigns":false,"_mi_skip_tracking":false,"_monsterinsights_sitenote_active":false,"_monsterinsights_sitenote_note":"","_monsterinsights_sitenote_category":0},"product_cat":[346,275,288,287,276,274,325,282,284,18,51,52],"product_tag":[],"aioseo_notices":[],"_links":{"self":[{"href":"https:\/\/dualtron-store.com\/index.php\/wp-json\/wp\/v2\/product\/73265"}],"collection":[{"href":"https:\/\/dualtron-store.com\/index.php\/wp-json\/wp\/v2\/product"}],"about":[{"href":"https:\/\/dualtron-store.com\/index.php\/wp-json\/wp\/v2\/types\/product"}],"replies":[{"embeddable":true,"href":"https:\/\/dualtron-store.com\/index.php\/wp-json\/wp\/v2\/comments?post=73265"}],"wp:featuredmedia":[{"embeddable":true,"href":"https:\/\/dualtron-store.com\/index.php\/wp-json\/wp\/v2\/media\/73266"}],"wp:attachment":[{"href":"https:\/\/dualtron-store.com\/index.php\/wp-json\/wp\/v2\/media?parent=73265"}],"wp:term":[{"taxonomy":"product_cat","embeddable":true,"href":"https:\/\/dualtron-store.com\/index.php\/wp-json\/wp\/v2\/product_cat?post=73265"},{"taxonomy":"product_tag","embeddable":true,"href":"https:\/\/dualtron-store.com\/index.php\/wp-json\/wp\/v2\/product_tag?post=73265"}],"curies":[{"name":"wp","href":"https:\/\/api.w.org\/{rel}","templated":true}]}}