{"id":72457,"date":"2024-02-10T17:16:11","date_gmt":"2024-02-10T16:16:11","guid":{"rendered":"https:\/\/dualtron-store.com\/?post_type=product&#038;p=72457"},"modified":"2026-02-03T23:10:43","modified_gmt":"2026-02-03T22:10:43","slug":"recepteur-led-achilleus-2024","status":"publish","type":"product","link":"https:\/\/dualtron-store.com\/index.php\/produit\/recepteur-led-achilleus-2024\/","title":{"rendered":"Recepteur led Achilleus 2024"},"content":{"rendered":"","protected":false},"excerpt":{"rendered":"<div class=\"flex-1 overflow-hidden\">\n<div class=\"react-scroll-to-bottom--css-devpr-79elbk h-full\">\n<div class=\"react-scroll-to-bottom--css-devpr-1n7m0yu\">\n<div class=\"flex flex-col pb-9 text-sm\">\n<div class=\"w-full text-token-text-primary\" data-testid=\"conversation-turn-17\">\n<div class=\"px-4 py-2 justify-center text-base md:gap-6 m-auto\">\n<div class=\"flex flex-1 text-base mx-auto gap-3 md:px-5 lg:px-1 xl:px-5 md:max-w-3xl lg:max-w-[40rem] xl:max-w-[48rem] group final-completion\">\n<div class=\"relative flex w-full flex-col agent-turn\">\n<div class=\"flex-col gap-1 md:gap-3\">\n<div class=\"flex flex-grow flex-col max-w-full\">\n<div class=\"min-h-[20px] text-message flex flex-col items-start gap-3 whitespace-pre-wrap break-words [.text-message+&amp;]:mt-5 overflow-x-auto\" data-message-author-role=\"assistant\" data-message-id=\"e10e140e-d55b-48c0-a012-2a505220868a\">\n<div class=\"markdown prose w-full break-words dark:prose-invert light\">\n<p><strong>Le r\u00e9cepteur LED Achilleus 2024 est un composant sophistiqu\u00e9 con\u00e7u pour les trottinettes \u00e9lectriques de la gamme Dualtron.<\/strong> Il permet d&#8217;int\u00e9grer des lumi\u00e8res LED personnalis\u00e9es \u00e0 votre trottinette, offrant \u00e0 la fois un style unique et une meilleure visibilit\u00e9 lors de vos trajets nocturnes. <strong>Gr\u00e2ce \u00e0 sa conception de haute qualit\u00e9 et sa compatibilit\u00e9 \u00e9tendue, le r\u00e9cepteur LED Achilleus 2024 offre une installation simple et fiable, ajoutant une dimension de s\u00e9curit\u00e9 et de personnalisation \u00e0 votre exp\u00e9rience de conduite en trottinette \u00e9lectrique.<\/strong><\/p>\n<\/div>\n<\/div>\n<\/div>\n<\/div>\n<\/div>\n<\/div>\n<\/div>\n<\/div>\n<\/div>\n<\/div>\n<\/div>\n<\/div>\n","protected":false},"featured_media":72458,"comment_status":"open","ping_status":"closed","template":"","meta":{"om_disable_all_campaigns":false,"_mi_skip_tracking":false,"_monsterinsights_sitenote_active":false,"_monsterinsights_sitenote_note":"","_monsterinsights_sitenote_category":0},"product_cat":[617,18,51],"product_tag":[],"aioseo_notices":[],"_links":{"self":[{"href":"https:\/\/dualtron-store.com\/index.php\/wp-json\/wp\/v2\/product\/72457"}],"collection":[{"href":"https:\/\/dualtron-store.com\/index.php\/wp-json\/wp\/v2\/product"}],"about":[{"href":"https:\/\/dualtron-store.com\/index.php\/wp-json\/wp\/v2\/types\/product"}],"replies":[{"embeddable":true,"href":"https:\/\/dualtron-store.com\/index.php\/wp-json\/wp\/v2\/comments?post=72457"}],"wp:featuredmedia":[{"embeddable":true,"href":"https:\/\/dualtron-store.com\/index.php\/wp-json\/wp\/v2\/media\/72458"}],"wp:attachment":[{"href":"https:\/\/dualtron-store.com\/index.php\/wp-json\/wp\/v2\/media?parent=72457"}],"wp:term":[{"taxonomy":"product_cat","embeddable":true,"href":"https:\/\/dualtron-store.com\/index.php\/wp-json\/wp\/v2\/product_cat?post=72457"},{"taxonomy":"product_tag","embeddable":true,"href":"https:\/\/dualtron-store.com\/index.php\/wp-json\/wp\/v2\/product_tag?post=72457"}],"curies":[{"name":"wp","href":"https:\/\/api.w.org\/{rel}","templated":true}]}}