{"id":72443,"date":"2024-02-10T16:43:56","date_gmt":"2024-02-10T15:43:56","guid":{"rendered":"https:\/\/dualtron-store.com\/?post_type=product&#038;p=72443"},"modified":"2024-02-13T15:23:23","modified_gmt":"2024-02-13T14:23:23","slug":"led-de-bras-avant-gauche-ou-arriere-droit","status":"publish","type":"product","link":"https:\/\/dualtron-store.com\/index.php\/produit\/led-de-bras-avant-gauche-ou-arriere-droit\/","title":{"rendered":"Led de bras avant gauche ou arri\u00e8re droit"},"content":{"rendered":"","protected":false},"excerpt":{"rendered":"<p><strong>La LED de bras avant gauche ou arri\u00e8re droit est un accessoire polyvalent con\u00e7u pour les trottinettes \u00e9lectriques.<\/strong> Cette LED peut \u00eatre install\u00e9e soit sur le bras avant gauche, soit sur le bras arri\u00e8re droit de votre trottinette, offrant une visibilit\u00e9 accrue et ajoutant une touche de style \u00e0 votre conduite. <strong>Gr\u00e2ce \u00e0 sa conception robuste et \u00e0 son installation simple, cette LED est un moyen efficace d&#8217;am\u00e9liorer la s\u00e9curit\u00e9 et l&#8217;apparence de votre trottinette \u00e9lectrique.<\/strong><\/p>\n","protected":false},"featured_media":72444,"comment_status":"open","ping_status":"closed","template":"","meta":{"om_disable_all_campaigns":false,"_mi_skip_tracking":false,"_monsterinsights_sitenote_active":false,"_monsterinsights_sitenote_note":"","_monsterinsights_sitenote_category":0},"product_cat":[345,18,51],"product_tag":[],"aioseo_notices":[],"_links":{"self":[{"href":"https:\/\/dualtron-store.com\/index.php\/wp-json\/wp\/v2\/product\/72443"}],"collection":[{"href":"https:\/\/dualtron-store.com\/index.php\/wp-json\/wp\/v2\/product"}],"about":[{"href":"https:\/\/dualtron-store.com\/index.php\/wp-json\/wp\/v2\/types\/product"}],"replies":[{"embeddable":true,"href":"https:\/\/dualtron-store.com\/index.php\/wp-json\/wp\/v2\/comments?post=72443"}],"wp:featuredmedia":[{"embeddable":true,"href":"https:\/\/dualtron-store.com\/index.php\/wp-json\/wp\/v2\/media\/72444"}],"wp:attachment":[{"href":"https:\/\/dualtron-store.com\/index.php\/wp-json\/wp\/v2\/media?parent=72443"}],"wp:term":[{"taxonomy":"product_cat","embeddable":true,"href":"https:\/\/dualtron-store.com\/index.php\/wp-json\/wp\/v2\/product_cat?post=72443"},{"taxonomy":"product_tag","embeddable":true,"href":"https:\/\/dualtron-store.com\/index.php\/wp-json\/wp\/v2\/product_tag?post=72443"}],"curies":[{"name":"wp","href":"https:\/\/api.w.org\/{rel}","templated":true}]}}