{"id":72004,"date":"2024-02-01T20:20:59","date_gmt":"2024-02-01T19:20:59","guid":{"rendered":"https:\/\/dualtron-store.com\/?post_type=product&#038;p=72004"},"modified":"2024-07-13T13:22:00","modified_gmt":"2024-07-13T11:22:00","slug":"controleur-teverun-fighter-7260r","status":"publish","type":"product","link":"https:\/\/dualtron-store.com\/index.php\/produit\/controleur-teverun-fighter-7260r\/","title":{"rendered":"Controleur Teverun Fighter 7260r"},"content":{"rendered":"","protected":false},"excerpt":{"rendered":"<p><strong>Le contr\u00f4leur Teverun Fighter 7260r<\/strong> est un dispositif sophistiqu\u00e9 con\u00e7u pour am\u00e9liorer les performances et la maniabilit\u00e9 des trottinettes \u00e9lectriques. Dot\u00e9 d&#8217;une technologie de pointe, ce contr\u00f4leur offre une gestion pr\u00e9cise de la puissance du moteur \u00e9lectrique, permettant aux utilisateurs de b\u00e9n\u00e9ficier d&#8217;une acc\u00e9l\u00e9ration fluide et d&#8217;une vitesse maximale optimis\u00e9e.<\/p>\n","protected":false},"featured_media":72007,"comment_status":"open","ping_status":"closed","template":"","meta":{"om_disable_all_campaigns":false,"_mi_skip_tracking":false,"_monsterinsights_sitenote_active":false,"_monsterinsights_sitenote_note":"","_monsterinsights_sitenote_category":0},"product_cat":[580,18],"product_tag":[],"aioseo_notices":[],"_links":{"self":[{"href":"https:\/\/dualtron-store.com\/index.php\/wp-json\/wp\/v2\/product\/72004"}],"collection":[{"href":"https:\/\/dualtron-store.com\/index.php\/wp-json\/wp\/v2\/product"}],"about":[{"href":"https:\/\/dualtron-store.com\/index.php\/wp-json\/wp\/v2\/types\/product"}],"replies":[{"embeddable":true,"href":"https:\/\/dualtron-store.com\/index.php\/wp-json\/wp\/v2\/comments?post=72004"}],"wp:featuredmedia":[{"embeddable":true,"href":"https:\/\/dualtron-store.com\/index.php\/wp-json\/wp\/v2\/media\/72007"}],"wp:attachment":[{"href":"https:\/\/dualtron-store.com\/index.php\/wp-json\/wp\/v2\/media?parent=72004"}],"wp:term":[{"taxonomy":"product_cat","embeddable":true,"href":"https:\/\/dualtron-store.com\/index.php\/wp-json\/wp\/v2\/product_cat?post=72004"},{"taxonomy":"product_tag","embeddable":true,"href":"https:\/\/dualtron-store.com\/index.php\/wp-json\/wp\/v2\/product_tag?post=72004"}],"curies":[{"name":"wp","href":"https:\/\/api.w.org\/{rel}","templated":true}]}}