{"id":71862,"date":"2024-01-29T13:49:08","date_gmt":"2024-01-29T12:49:08","guid":{"rendered":"https:\/\/dualtron-store.com\/?post_type=product&#038;p=71862"},"modified":"2026-03-18T01:01:26","modified_gmt":"2026-03-18T00:01:26","slug":"base-systeme-de-pliage-dualtron-togo","status":"publish","type":"product","link":"https:\/\/dualtron-store.com\/index.php\/produit\/base-systeme-de-pliage-dualtron-togo\/","title":{"rendered":"Base syst\u00e8me de pliage Dualtron TOGO"},"content":{"rendered":"","protected":false},"excerpt":{"rendered":"<p>La base syst\u00e8me de pliage <strong>Dualtron TOGO<\/strong> offre une conception innovante pour les amateurs de trottinettes \u00e9lectriques en qu\u00eate de praticit\u00e9 et de portabilit\u00e9. Gr\u00e2ce \u00e0 son m\u00e9canisme de pliage rapide et s\u00e9curis\u00e9, cette base facilite le transport et le stockage de la trottinette, en garantissant une manipulation ais\u00e9e dans les espaces restreints.<\/p>\n","protected":false},"featured_media":71863,"comment_status":"open","ping_status":"closed","template":"","meta":{"om_disable_all_campaigns":false,"_mi_skip_tracking":false,"_monsterinsights_sitenote_active":false,"_monsterinsights_sitenote_note":"","_monsterinsights_sitenote_category":0},"product_cat":[586,18,51],"product_tag":[],"aioseo_notices":[],"_links":{"self":[{"href":"https:\/\/dualtron-store.com\/index.php\/wp-json\/wp\/v2\/product\/71862"}],"collection":[{"href":"https:\/\/dualtron-store.com\/index.php\/wp-json\/wp\/v2\/product"}],"about":[{"href":"https:\/\/dualtron-store.com\/index.php\/wp-json\/wp\/v2\/types\/product"}],"replies":[{"embeddable":true,"href":"https:\/\/dualtron-store.com\/index.php\/wp-json\/wp\/v2\/comments?post=71862"}],"wp:featuredmedia":[{"embeddable":true,"href":"https:\/\/dualtron-store.com\/index.php\/wp-json\/wp\/v2\/media\/71863"}],"wp:attachment":[{"href":"https:\/\/dualtron-store.com\/index.php\/wp-json\/wp\/v2\/media?parent=71862"}],"wp:term":[{"taxonomy":"product_cat","embeddable":true,"href":"https:\/\/dualtron-store.com\/index.php\/wp-json\/wp\/v2\/product_cat?post=71862"},{"taxonomy":"product_tag","embeddable":true,"href":"https:\/\/dualtron-store.com\/index.php\/wp-json\/wp\/v2\/product_tag?post=71862"}],"curies":[{"name":"wp","href":"https:\/\/api.w.org\/{rel}","templated":true}]}}