{"id":71858,"date":"2024-01-29T13:44:58","date_gmt":"2024-01-29T12:44:58","guid":{"rendered":"https:\/\/dualtron-store.com\/?post_type=product&#038;p=71858"},"modified":"2026-04-06T08:43:16","modified_gmt":"2026-04-06T06:43:16","slug":"clignotant-arriere-dualtron-pop","status":"publish","type":"product","link":"https:\/\/dualtron-store.com\/index.php\/produit\/clignotant-arriere-dualtron-pop\/","title":{"rendered":"Clignotant arriere Dualtron POP"},"content":{"rendered":"","protected":false},"excerpt":{"rendered":"<p>Le clignotant arri\u00e8re <strong>Dualtron POP<\/strong> est un accessoire essentiel pour am\u00e9liorer la s\u00e9curit\u00e9 et la visibilit\u00e9 lors de la conduite en trottinette \u00e9lectrique. Avec sa conception compacte et discr\u00e8te, ce clignotant s&#8217;int\u00e8gre parfaitement \u00e0 l&#8217;arri\u00e8re de la trottinette sans compromettre son esth\u00e9tique.<\/p>\n","protected":false},"featured_media":71861,"comment_status":"open","ping_status":"closed","template":"","meta":{"om_disable_all_campaigns":false,"_mi_skip_tracking":false,"_monsterinsights_sitenote_active":false,"_monsterinsights_sitenote_note":"","_monsterinsights_sitenote_category":0},"product_cat":[545,18,51],"product_tag":[],"aioseo_notices":[],"_links":{"self":[{"href":"https:\/\/dualtron-store.com\/index.php\/wp-json\/wp\/v2\/product\/71858"}],"collection":[{"href":"https:\/\/dualtron-store.com\/index.php\/wp-json\/wp\/v2\/product"}],"about":[{"href":"https:\/\/dualtron-store.com\/index.php\/wp-json\/wp\/v2\/types\/product"}],"replies":[{"embeddable":true,"href":"https:\/\/dualtron-store.com\/index.php\/wp-json\/wp\/v2\/comments?post=71858"}],"wp:featuredmedia":[{"embeddable":true,"href":"https:\/\/dualtron-store.com\/index.php\/wp-json\/wp\/v2\/media\/71861"}],"wp:attachment":[{"href":"https:\/\/dualtron-store.com\/index.php\/wp-json\/wp\/v2\/media?parent=71858"}],"wp:term":[{"taxonomy":"product_cat","embeddable":true,"href":"https:\/\/dualtron-store.com\/index.php\/wp-json\/wp\/v2\/product_cat?post=71858"},{"taxonomy":"product_tag","embeddable":true,"href":"https:\/\/dualtron-store.com\/index.php\/wp-json\/wp\/v2\/product_tag?post=71858"}],"curies":[{"name":"wp","href":"https:\/\/api.w.org\/{rel}","templated":true}]}}