{"id":71841,"date":"2024-01-29T12:38:26","date_gmt":"2024-01-29T11:38:26","guid":{"rendered":"https:\/\/dualtron-store.com\/?post_type=product&#038;p=71841"},"modified":"2024-11-21T12:01:01","modified_gmt":"2024-11-21T11:01:01","slug":"cache-bras-de-fourche-gauche-dualtron-togo","status":"publish","type":"product","link":"https:\/\/dualtron-store.com\/index.php\/produit\/cache-bras-de-fourche-gauche-dualtron-togo\/","title":{"rendered":"Cache bras de fourche avant  Dualtron TOGO"},"content":{"rendered":"","protected":false},"excerpt":{"rendered":"<p><strong>Le cache bras de fourche avant Dualtron TOGO<\/strong> est un ajout fonctionnel et esth\u00e9tique pour votre trottinette \u00e9lectrique. Fabriqu\u00e9 avec des mat\u00e9riaux de haute qualit\u00e9, il offre une protection suppl\u00e9mentaire \u00e0 la fourche avant de votre trottinette contre les rayures, les chocs et autres dommages potentiels.<\/p>\n","protected":false},"featured_media":71842,"comment_status":"open","ping_status":"closed","template":"","meta":{"om_disable_all_campaigns":false,"_mi_skip_tracking":false,"_monsterinsights_sitenote_active":false,"_monsterinsights_sitenote_note":"","_monsterinsights_sitenote_category":0},"product_cat":[586,18,51],"product_tag":[],"aioseo_notices":[],"_links":{"self":[{"href":"https:\/\/dualtron-store.com\/index.php\/wp-json\/wp\/v2\/product\/71841"}],"collection":[{"href":"https:\/\/dualtron-store.com\/index.php\/wp-json\/wp\/v2\/product"}],"about":[{"href":"https:\/\/dualtron-store.com\/index.php\/wp-json\/wp\/v2\/types\/product"}],"replies":[{"embeddable":true,"href":"https:\/\/dualtron-store.com\/index.php\/wp-json\/wp\/v2\/comments?post=71841"}],"wp:featuredmedia":[{"embeddable":true,"href":"https:\/\/dualtron-store.com\/index.php\/wp-json\/wp\/v2\/media\/71842"}],"wp:attachment":[{"href":"https:\/\/dualtron-store.com\/index.php\/wp-json\/wp\/v2\/media?parent=71841"}],"wp:term":[{"taxonomy":"product_cat","embeddable":true,"href":"https:\/\/dualtron-store.com\/index.php\/wp-json\/wp\/v2\/product_cat?post=71841"},{"taxonomy":"product_tag","embeddable":true,"href":"https:\/\/dualtron-store.com\/index.php\/wp-json\/wp\/v2\/product_tag?post=71841"}],"curies":[{"name":"wp","href":"https:\/\/api.w.org\/{rel}","templated":true}]}}