{"id":71664,"date":"2024-01-23T20:07:57","date_gmt":"2024-01-23T19:07:57","guid":{"rendered":"https:\/\/dualtron-store.com\/?post_type=product&#038;p=71664"},"modified":"2026-04-07T20:16:53","modified_gmt":"2026-04-07T18:16:53","slug":"chargeur-dualtron-togo-48v","status":"publish","type":"product","link":"https:\/\/dualtron-store.com\/index.php\/produit\/chargeur-dualtron-togo-48v\/","title":{"rendered":"Chargeur Compatible Dualtron TOGO 48V"},"content":{"rendered":"","protected":false},"excerpt":{"rendered":"<p><strong>Le chargeur Dualtron TOGO 48V<\/strong> est un accessoire essentiel pour les utilisateurs de trottinettes \u00e9lectriques cherchant une solution de recharge efficace. Con\u00e7u sp\u00e9cifiquement pour les mod\u00e8les <strong>Dualtron TOGO<\/strong> fonctionnant \u00e0 48 volts, ce chargeur offre une performance fiable et rapide. Compact et portable, il facilite le transport et permet aux utilisateurs de recharger leur trottinette \u00e9lectrique avec praticit\u00e9, que ce soit \u00e0 la maison, au bureau ou en d\u00e9placement.<\/p>\n","protected":false},"featured_media":96529,"comment_status":"open","ping_status":"closed","template":"","meta":{"om_disable_all_campaigns":false,"_mi_skip_tracking":false,"_monsterinsights_sitenote_active":false,"_monsterinsights_sitenote_note":"","_monsterinsights_sitenote_category":0},"product_cat":[586,18,51],"product_tag":[],"aioseo_notices":[],"_links":{"self":[{"href":"https:\/\/dualtron-store.com\/index.php\/wp-json\/wp\/v2\/product\/71664"}],"collection":[{"href":"https:\/\/dualtron-store.com\/index.php\/wp-json\/wp\/v2\/product"}],"about":[{"href":"https:\/\/dualtron-store.com\/index.php\/wp-json\/wp\/v2\/types\/product"}],"replies":[{"embeddable":true,"href":"https:\/\/dualtron-store.com\/index.php\/wp-json\/wp\/v2\/comments?post=71664"}],"wp:featuredmedia":[{"embeddable":true,"href":"https:\/\/dualtron-store.com\/index.php\/wp-json\/wp\/v2\/media\/96529"}],"wp:attachment":[{"href":"https:\/\/dualtron-store.com\/index.php\/wp-json\/wp\/v2\/media?parent=71664"}],"wp:term":[{"taxonomy":"product_cat","embeddable":true,"href":"https:\/\/dualtron-store.com\/index.php\/wp-json\/wp\/v2\/product_cat?post=71664"},{"taxonomy":"product_tag","embeddable":true,"href":"https:\/\/dualtron-store.com\/index.php\/wp-json\/wp\/v2\/product_tag?post=71664"}],"curies":[{"name":"wp","href":"https:\/\/api.w.org\/{rel}","templated":true}]}}