{"id":71637,"date":"2024-01-22T20:41:55","date_gmt":"2024-01-22T19:41:55","guid":{"rendered":"https:\/\/dualtron-store.com\/?post_type=product&#038;p=71637"},"modified":"2025-08-15T21:43:59","modified_gmt":"2025-08-15T19:43:59","slug":"reflecteur-cache-bras-de-fourche-dualtron-togo","status":"publish","type":"product","link":"https:\/\/dualtron-store.com\/index.php\/produit\/reflecteur-cache-bras-de-fourche-dualtron-togo\/","title":{"rendered":"R\u00e9flecteur cache bras de fourche Dualtron TOGO"},"content":{"rendered":"","protected":false},"excerpt":{"rendered":"<div class=\"w-full text-token-text-primary\" data-testid=\"conversation-turn-5\">\n<div class=\"px-4 py-2 justify-center text-base md:gap-6 m-auto\">\n<div class=\"flex flex-1 text-base mx-auto gap-3 md:px-5 lg:px-1 xl:px-5 md:max-w-3xl lg:max-w-[40rem] xl:max-w-[48rem] group\">\n<div class=\"relative flex w-full flex-col lg:w-[calc(100%-115px)] agent-turn\">\n<div class=\"flex-col gap-1 md:gap-3\">\n<div class=\"flex flex-grow flex-col max-w-full\">\n<div class=\"min-h-[20px] text-message flex flex-col items-start gap-3 whitespace-pre-wrap break-words [.text-message+&amp;]:mt-5 overflow-x-auto\" data-message-author-role=\"assistant\" data-message-id=\"e329ce34-f903-4cb8-b640-7b64c2501e60\">\n<div class=\"markdown prose w-full break-words dark:prose-invert light\">\n<p>Le r\u00e9flecteur cache bras de fourche Dualtron TOGO am\u00e9liore la s\u00e9curit\u00e9 et l&#8217;esth\u00e9tique de votre trottinette \u00e9lectrique. Facile \u00e0 installer, il int\u00e8gre un r\u00e9flecteur lumineux pour une meilleure visibilit\u00e9, ajoutant ainsi une touche moderne \u00e0 votre engin tout en assurant une conduite plus s\u00fbre.<\/p>\n<\/div>\n<\/div>\n<\/div>\n<\/div>\n<\/div>\n<\/div>\n<\/div>\n<\/div>\n","protected":false},"featured_media":71638,"comment_status":"open","ping_status":"closed","template":"","meta":{"om_disable_all_campaigns":false,"_mi_skip_tracking":false,"_monsterinsights_sitenote_active":false,"_monsterinsights_sitenote_note":"","_monsterinsights_sitenote_category":0},"product_cat":[586,18,51],"product_tag":[],"aioseo_notices":[],"_links":{"self":[{"href":"https:\/\/dualtron-store.com\/index.php\/wp-json\/wp\/v2\/product\/71637"}],"collection":[{"href":"https:\/\/dualtron-store.com\/index.php\/wp-json\/wp\/v2\/product"}],"about":[{"href":"https:\/\/dualtron-store.com\/index.php\/wp-json\/wp\/v2\/types\/product"}],"replies":[{"embeddable":true,"href":"https:\/\/dualtron-store.com\/index.php\/wp-json\/wp\/v2\/comments?post=71637"}],"wp:featuredmedia":[{"embeddable":true,"href":"https:\/\/dualtron-store.com\/index.php\/wp-json\/wp\/v2\/media\/71638"}],"wp:attachment":[{"href":"https:\/\/dualtron-store.com\/index.php\/wp-json\/wp\/v2\/media?parent=71637"}],"wp:term":[{"taxonomy":"product_cat","embeddable":true,"href":"https:\/\/dualtron-store.com\/index.php\/wp-json\/wp\/v2\/product_cat?post=71637"},{"taxonomy":"product_tag","embeddable":true,"href":"https:\/\/dualtron-store.com\/index.php\/wp-json\/wp\/v2\/product_tag?post=71637"}],"curies":[{"name":"wp","href":"https:\/\/api.w.org\/{rel}","templated":true}]}}