{"id":71635,"date":"2024-01-22T20:40:09","date_gmt":"2024-01-22T19:40:09","guid":{"rendered":"https:\/\/dualtron-store.com\/?post_type=product&#038;p=71635"},"modified":"2026-03-31T13:02:18","modified_gmt":"2026-03-31T11:02:18","slug":"gachette-daccelerateur-dualtron-togo","status":"publish","type":"product","link":"https:\/\/dualtron-store.com\/index.php\/produit\/gachette-daccelerateur-dualtron-togo\/","title":{"rendered":"Gachette d&#8217;acc\u00e9lerateur compatible EY4 avec connecteur et Dualtron TOGO"},"content":{"rendered":"","protected":false},"excerpt":{"rendered":"<div class=\"flex-1 overflow-hidden\">\n<div class=\"react-scroll-to-bottom--css-kcccf-79elbk h-full\">\n<div class=\"react-scroll-to-bottom--css-kcccf-1n7m0yu\">\n<div class=\"flex flex-col pb-9 text-sm\">\n<div class=\"w-full text-token-text-primary\" data-testid=\"conversation-turn-9\">\n<div class=\"px-4 py-2 justify-center text-base md:gap-6 m-auto\">\n<div class=\"flex flex-1 text-base mx-auto gap-3 md:px-5 lg:px-1 xl:px-5 md:max-w-3xl lg:max-w-[40rem] xl:max-w-[48rem] group final-completion\">\n<div class=\"relative flex w-full flex-col lg:w-[calc(100%-115px)] agent-turn\">\n<div class=\"flex-col gap-1 md:gap-3\">\n<div class=\"flex flex-grow flex-col max-w-full\">\n<div class=\"min-h-[20px] text-message flex flex-col items-start gap-3 whitespace-pre-wrap break-words [.text-message+&amp;]:mt-5 overflow-x-auto\" data-message-author-role=\"assistant\" data-message-id=\"eec8cb8d-7f61-4b36-ba7c-425e725c0270\">\n<div class=\"markdown prose w-full break-words dark:prose-invert light\">\n<p>La g\u00e2chette d&#8217;acc\u00e9l\u00e9rateur Dualtron TOGO est un composant essentiel pour une exp\u00e9rience de conduite optimale en trottinette \u00e9lectrique. Avec une conception ergonomique, elle offre un contr\u00f4le pr\u00e9cis de la vitesse, permettant aux utilisateurs de naviguer en toute fluidit\u00e9. Facile \u00e0 utiliser, cette g\u00e2chette garantit une acc\u00e9l\u00e9ration r\u00e9active, am\u00e9liorant ainsi la maniabilit\u00e9 et le plaisir de conduire la Dualtron TOGO. Upgradez votre exp\u00e9rience de conduite avec la g\u00e2chette d&#8217;acc\u00e9l\u00e9rateur Dualtron TOGO.<\/p>\n<\/div>\n<\/div>\n<\/div>\n<\/div>\n<\/div>\n<\/div>\n<\/div>\n<\/div>\n<\/div>\n<\/div>\n<\/div>\n<\/div>\n","protected":false},"featured_media":83645,"comment_status":"open","ping_status":"closed","template":"","meta":{"om_disable_all_campaigns":false,"_mi_skip_tracking":false,"_monsterinsights_sitenote_active":false,"_monsterinsights_sitenote_note":"","_monsterinsights_sitenote_category":0},"product_cat":[348,346,617,525,586,615,325,613,616,704,18,51],"product_tag":[],"aioseo_notices":[],"_links":{"self":[{"href":"https:\/\/dualtron-store.com\/index.php\/wp-json\/wp\/v2\/product\/71635"}],"collection":[{"href":"https:\/\/dualtron-store.com\/index.php\/wp-json\/wp\/v2\/product"}],"about":[{"href":"https:\/\/dualtron-store.com\/index.php\/wp-json\/wp\/v2\/types\/product"}],"replies":[{"embeddable":true,"href":"https:\/\/dualtron-store.com\/index.php\/wp-json\/wp\/v2\/comments?post=71635"}],"wp:featuredmedia":[{"embeddable":true,"href":"https:\/\/dualtron-store.com\/index.php\/wp-json\/wp\/v2\/media\/83645"}],"wp:attachment":[{"href":"https:\/\/dualtron-store.com\/index.php\/wp-json\/wp\/v2\/media?parent=71635"}],"wp:term":[{"taxonomy":"product_cat","embeddable":true,"href":"https:\/\/dualtron-store.com\/index.php\/wp-json\/wp\/v2\/product_cat?post=71635"},{"taxonomy":"product_tag","embeddable":true,"href":"https:\/\/dualtron-store.com\/index.php\/wp-json\/wp\/v2\/product_tag?post=71635"}],"curies":[{"name":"wp","href":"https:\/\/api.w.org\/{rel}","templated":true}]}}