{"id":71633,"date":"2024-01-22T20:38:07","date_gmt":"2024-01-22T19:38:07","guid":{"rendered":"https:\/\/dualtron-store.com\/?post_type=product&#038;p=71633"},"modified":"2025-12-13T15:53:00","modified_gmt":"2025-12-13T14:53:00","slug":"bras-de-fourche-dualtron-togo","status":"publish","type":"product","link":"https:\/\/dualtron-store.com\/index.php\/produit\/bras-de-fourche-dualtron-togo\/","title":{"rendered":"Bras de fourche Dualtron TOGO"},"content":{"rendered":"","protected":false},"excerpt":{"rendered":"<p>Le bras de fourche Dualtron TOGO est un composant robuste et essentiel pour la trottinette \u00e9lectrique. Fabriqu\u00e9 avec des mat\u00e9riaux durables, il assure une conduite stable et s\u00e9curis\u00e9e. Son design optimis\u00e9 contribue \u00e0 la maniabilit\u00e9, offrant une exp\u00e9rience de conduite fluide. Avec le bras de fourche Dualtron TOGO, b\u00e9n\u00e9ficiez d&#8217;une performance fiable et d&#8217;une durabilit\u00e9 exceptionnelle pour une mobilit\u00e9 \u00e9lectrique sans souci.<\/p>\n","protected":false},"featured_media":71634,"comment_status":"open","ping_status":"closed","template":"","meta":{"om_disable_all_campaigns":false,"_mi_skip_tracking":false,"_monsterinsights_sitenote_active":false,"_monsterinsights_sitenote_note":"","_monsterinsights_sitenote_category":0},"product_cat":[586,18,51],"product_tag":[],"aioseo_notices":[],"_links":{"self":[{"href":"https:\/\/dualtron-store.com\/index.php\/wp-json\/wp\/v2\/product\/71633"}],"collection":[{"href":"https:\/\/dualtron-store.com\/index.php\/wp-json\/wp\/v2\/product"}],"about":[{"href":"https:\/\/dualtron-store.com\/index.php\/wp-json\/wp\/v2\/types\/product"}],"replies":[{"embeddable":true,"href":"https:\/\/dualtron-store.com\/index.php\/wp-json\/wp\/v2\/comments?post=71633"}],"wp:featuredmedia":[{"embeddable":true,"href":"https:\/\/dualtron-store.com\/index.php\/wp-json\/wp\/v2\/media\/71634"}],"wp:attachment":[{"href":"https:\/\/dualtron-store.com\/index.php\/wp-json\/wp\/v2\/media?parent=71633"}],"wp:term":[{"taxonomy":"product_cat","embeddable":true,"href":"https:\/\/dualtron-store.com\/index.php\/wp-json\/wp\/v2\/product_cat?post=71633"},{"taxonomy":"product_tag","embeddable":true,"href":"https:\/\/dualtron-store.com\/index.php\/wp-json\/wp\/v2\/product_tag?post=71633"}],"curies":[{"name":"wp","href":"https:\/\/api.w.org\/{rel}","templated":true}]}}