{"id":71631,"date":"2024-01-22T20:35:23","date_gmt":"2024-01-22T19:35:23","guid":{"rendered":"https:\/\/dualtron-store.com\/?post_type=product&#038;p=71631"},"modified":"2025-12-02T23:33:20","modified_gmt":"2025-12-02T22:33:20","slug":"controleur-dualtron-togo-48v-25ah","status":"publish","type":"product","link":"https:\/\/dualtron-store.com\/index.php\/produit\/controleur-dualtron-togo-48v-25ah\/","title":{"rendered":"Controleur Dualtron TOGO 48V 25AH"},"content":{"rendered":"","protected":false},"excerpt":{"rendered":"<p>Le contr\u00f4leur Dualtron TOGO 48V 25AH est l&#8217;\u00e9pine dorsale de la trottinette \u00e9lectrique, assurant une gestion \u00e9nerg\u00e9tique efficace. Avec une puissance de 48V et une capacit\u00e9 de 25AH, il offre une performance fiable, prolongeant l&#8217;autonomie et optimisant la conduite. Ce contr\u00f4leur de qualit\u00e9 contribue \u00e0 une exp\u00e9rience de conduite fluide, tout en assurant une gestion intelligente de la batterie pour une mobilit\u00e9 \u00e9lectrique fiable et performante. Upgradez votre trottinette avec le contr\u00f4leur Dualtron TOGO 48V 25AH pour une conduite \u00e9lectrique exceptionnelle.<\/p>\n","protected":false},"featured_media":71632,"comment_status":"open","ping_status":"closed","template":"","meta":{"om_disable_all_campaigns":false,"_mi_skip_tracking":false,"_monsterinsights_sitenote_active":false,"_monsterinsights_sitenote_note":"","_monsterinsights_sitenote_category":0},"product_cat":[586,18,51],"product_tag":[],"aioseo_notices":[],"_links":{"self":[{"href":"https:\/\/dualtron-store.com\/index.php\/wp-json\/wp\/v2\/product\/71631"}],"collection":[{"href":"https:\/\/dualtron-store.com\/index.php\/wp-json\/wp\/v2\/product"}],"about":[{"href":"https:\/\/dualtron-store.com\/index.php\/wp-json\/wp\/v2\/types\/product"}],"replies":[{"embeddable":true,"href":"https:\/\/dualtron-store.com\/index.php\/wp-json\/wp\/v2\/comments?post=71631"}],"wp:featuredmedia":[{"embeddable":true,"href":"https:\/\/dualtron-store.com\/index.php\/wp-json\/wp\/v2\/media\/71632"}],"wp:attachment":[{"href":"https:\/\/dualtron-store.com\/index.php\/wp-json\/wp\/v2\/media?parent=71631"}],"wp:term":[{"taxonomy":"product_cat","embeddable":true,"href":"https:\/\/dualtron-store.com\/index.php\/wp-json\/wp\/v2\/product_cat?post=71631"},{"taxonomy":"product_tag","embeddable":true,"href":"https:\/\/dualtron-store.com\/index.php\/wp-json\/wp\/v2\/product_tag?post=71631"}],"curies":[{"name":"wp","href":"https:\/\/api.w.org\/{rel}","templated":true}]}}