{"id":71611,"date":"2024-01-22T16:30:14","date_gmt":"2024-01-22T15:30:14","guid":{"rendered":"https:\/\/dualtron-store.com\/?post_type=product&#038;p=71611"},"modified":"2026-02-12T19:23:40","modified_gmt":"2026-02-12T18:23:40","slug":"grip-de-deck-silicone-dualtron-togo","status":"publish","type":"product","link":"https:\/\/dualtron-store.com\/index.php\/produit\/grip-de-deck-silicone-dualtron-togo\/","title":{"rendered":"Grip de deck silicone Dualtron TOGO"},"content":{"rendered":"","protected":false},"excerpt":{"rendered":"<p><strong>Le grip de deck en silicone Dualtron TOGO<\/strong> est un accessoire sp\u00e9cialement con\u00e7u pour am\u00e9liorer l&#8217;adh\u00e9rence et le confort lors de la conduite de votre trottinette \u00e9lectrique. Fabriqu\u00e9 \u00e0 partir de silicone de haute qualit\u00e9, ce grip offre une surface antid\u00e9rapante qui contribue \u00e0 une meilleure stabilit\u00e9 et un contr\u00f4le accru pendant votre trajet.<\/p>\n","protected":false},"featured_media":71612,"comment_status":"open","ping_status":"closed","template":"","meta":{"om_disable_all_campaigns":false,"_mi_skip_tracking":false,"_monsterinsights_sitenote_active":false,"_monsterinsights_sitenote_note":"","_monsterinsights_sitenote_category":0},"product_cat":[586,18,51],"product_tag":[],"aioseo_notices":[],"_links":{"self":[{"href":"https:\/\/dualtron-store.com\/index.php\/wp-json\/wp\/v2\/product\/71611"}],"collection":[{"href":"https:\/\/dualtron-store.com\/index.php\/wp-json\/wp\/v2\/product"}],"about":[{"href":"https:\/\/dualtron-store.com\/index.php\/wp-json\/wp\/v2\/types\/product"}],"replies":[{"embeddable":true,"href":"https:\/\/dualtron-store.com\/index.php\/wp-json\/wp\/v2\/comments?post=71611"}],"wp:featuredmedia":[{"embeddable":true,"href":"https:\/\/dualtron-store.com\/index.php\/wp-json\/wp\/v2\/media\/71612"}],"wp:attachment":[{"href":"https:\/\/dualtron-store.com\/index.php\/wp-json\/wp\/v2\/media?parent=71611"}],"wp:term":[{"taxonomy":"product_cat","embeddable":true,"href":"https:\/\/dualtron-store.com\/index.php\/wp-json\/wp\/v2\/product_cat?post=71611"},{"taxonomy":"product_tag","embeddable":true,"href":"https:\/\/dualtron-store.com\/index.php\/wp-json\/wp\/v2\/product_tag?post=71611"}],"curies":[{"name":"wp","href":"https:\/\/api.w.org\/{rel}","templated":true}]}}