{"id":71601,"date":"2024-01-22T16:01:51","date_gmt":"2024-01-22T15:01:51","guid":{"rendered":"https:\/\/dualtron-store.com\/?post_type=product&#038;p=71601"},"modified":"2024-01-24T11:01:21","modified_gmt":"2024-01-24T10:01:21","slug":"supprt-display-dualtron-togo","status":"publish","type":"product","link":"https:\/\/dualtron-store.com\/index.php\/produit\/supprt-display-dualtron-togo\/","title":{"rendered":"Support Display Dualtron TOGO"},"content":{"rendered":"","protected":false},"excerpt":{"rendered":"<p><strong>Le support d&#8217;affichage Dualtron TOGO<\/strong> est un accessoire sp\u00e9cialement con\u00e7u pour offrir aux utilisateurs de trottinettes \u00e9lectriques une solution pratique <strong>pour fixer leur affichage ou \u00e9cran.<\/strong> Fabriqu\u00e9 avec des mat\u00e9riaux <strong>robustes<\/strong>, ce support assure une fixation s\u00e9curis\u00e9e, permettant aux riders de monter leur \u00e9cran de contr\u00f4le de mani\u00e8re stable et accessible pendant leurs d\u00e9placements.<\/p>\n","protected":false},"featured_media":71603,"comment_status":"open","ping_status":"closed","template":"","meta":{"om_disable_all_campaigns":false,"_mi_skip_tracking":false,"_monsterinsights_sitenote_active":false,"_monsterinsights_sitenote_note":"","_monsterinsights_sitenote_category":0},"product_cat":[586,18,51],"product_tag":[],"aioseo_notices":[],"_links":{"self":[{"href":"https:\/\/dualtron-store.com\/index.php\/wp-json\/wp\/v2\/product\/71601"}],"collection":[{"href":"https:\/\/dualtron-store.com\/index.php\/wp-json\/wp\/v2\/product"}],"about":[{"href":"https:\/\/dualtron-store.com\/index.php\/wp-json\/wp\/v2\/types\/product"}],"replies":[{"embeddable":true,"href":"https:\/\/dualtron-store.com\/index.php\/wp-json\/wp\/v2\/comments?post=71601"}],"wp:featuredmedia":[{"embeddable":true,"href":"https:\/\/dualtron-store.com\/index.php\/wp-json\/wp\/v2\/media\/71603"}],"wp:attachment":[{"href":"https:\/\/dualtron-store.com\/index.php\/wp-json\/wp\/v2\/media?parent=71601"}],"wp:term":[{"taxonomy":"product_cat","embeddable":true,"href":"https:\/\/dualtron-store.com\/index.php\/wp-json\/wp\/v2\/product_cat?post=71601"},{"taxonomy":"product_tag","embeddable":true,"href":"https:\/\/dualtron-store.com\/index.php\/wp-json\/wp\/v2\/product_tag?post=71601"}],"curies":[{"name":"wp","href":"https:\/\/api.w.org\/{rel}","templated":true}]}}