{"id":71599,"date":"2024-01-22T15:52:32","date_gmt":"2024-01-22T14:52:32","guid":{"rendered":"https:\/\/dualtron-store.com\/?post_type=product&#038;p=71599"},"modified":"2025-01-21T16:48:20","modified_gmt":"2025-01-21T15:48:20","slug":"repose-pied-arriere-dulaltron-togo","status":"publish","type":"product","link":"https:\/\/dualtron-store.com\/index.php\/produit\/repose-pied-arriere-dulaltron-togo\/","title":{"rendered":"Repose pied arri\u00e8re Dulaltron TOGO"},"content":{"rendered":"","protected":false},"excerpt":{"rendered":"<p>Le repose-pied arri\u00e8re Dualtron TOGO est un accessoire con\u00e7u pour am\u00e9liorer le confort des utilisateurs de trottinettes \u00e9lectriques. Facile \u00e0 installer, il offre un espace suppl\u00e9mentaire pour reposer les pieds pendant la conduite, am\u00e9liorant ainsi la stabilit\u00e9 et la d\u00e9tente.<\/p>\n","protected":false},"featured_media":71600,"comment_status":"open","ping_status":"closed","template":"","meta":{"om_disable_all_campaigns":false,"_mi_skip_tracking":false,"_monsterinsights_sitenote_active":false,"_monsterinsights_sitenote_note":"","_monsterinsights_sitenote_category":0},"product_cat":[586,18,51],"product_tag":[],"aioseo_notices":[],"_links":{"self":[{"href":"https:\/\/dualtron-store.com\/index.php\/wp-json\/wp\/v2\/product\/71599"}],"collection":[{"href":"https:\/\/dualtron-store.com\/index.php\/wp-json\/wp\/v2\/product"}],"about":[{"href":"https:\/\/dualtron-store.com\/index.php\/wp-json\/wp\/v2\/types\/product"}],"replies":[{"embeddable":true,"href":"https:\/\/dualtron-store.com\/index.php\/wp-json\/wp\/v2\/comments?post=71599"}],"wp:featuredmedia":[{"embeddable":true,"href":"https:\/\/dualtron-store.com\/index.php\/wp-json\/wp\/v2\/media\/71600"}],"wp:attachment":[{"href":"https:\/\/dualtron-store.com\/index.php\/wp-json\/wp\/v2\/media?parent=71599"}],"wp:term":[{"taxonomy":"product_cat","embeddable":true,"href":"https:\/\/dualtron-store.com\/index.php\/wp-json\/wp\/v2\/product_cat?post=71599"},{"taxonomy":"product_tag","embeddable":true,"href":"https:\/\/dualtron-store.com\/index.php\/wp-json\/wp\/v2\/product_tag?post=71599"}],"curies":[{"name":"wp","href":"https:\/\/api.w.org\/{rel}","templated":true}]}}