{"id":71596,"date":"2024-01-22T15:50:33","date_gmt":"2024-01-22T14:50:33","guid":{"rendered":"https:\/\/dualtron-store.com\/?post_type=product&#038;p=71596"},"modified":"2024-11-21T11:58:44","modified_gmt":"2024-11-21T10:58:44","slug":"port-de-charge-dualtron-togo-36v","status":"publish","type":"product","link":"https:\/\/dualtron-store.com\/index.php\/produit\/port-de-charge-dualtron-togo-36v\/","title":{"rendered":"Port de charge Dualtron TOGO 36V"},"content":{"rendered":"","protected":false},"excerpt":{"rendered":"<p><strong>Le port de charge Dualtron TOGO 36V<\/strong> est un \u00e9l\u00e9ment essentiel pour les utilisateurs de trottinettes \u00e9lectriques. Con\u00e7u sp\u00e9cifiquement pour les mod\u00e8les Dualtron TOGO fonctionnant \u00e0 <strong>36 volts<\/strong>, ce port assure une recharge efficace. Facile \u00e0 utiliser, il offre une connectivit\u00e9 fiable pour le chargement, garantissant une exp\u00e9rience pratique pour les utilisateurs.<\/p>\n","protected":false},"featured_media":71597,"comment_status":"open","ping_status":"closed","template":"","meta":{"om_disable_all_campaigns":false,"_mi_skip_tracking":false,"_monsterinsights_sitenote_active":false,"_monsterinsights_sitenote_note":"","_monsterinsights_sitenote_category":0},"product_cat":[586,18,51],"product_tag":[],"aioseo_notices":[],"_links":{"self":[{"href":"https:\/\/dualtron-store.com\/index.php\/wp-json\/wp\/v2\/product\/71596"}],"collection":[{"href":"https:\/\/dualtron-store.com\/index.php\/wp-json\/wp\/v2\/product"}],"about":[{"href":"https:\/\/dualtron-store.com\/index.php\/wp-json\/wp\/v2\/types\/product"}],"replies":[{"embeddable":true,"href":"https:\/\/dualtron-store.com\/index.php\/wp-json\/wp\/v2\/comments?post=71596"}],"wp:featuredmedia":[{"embeddable":true,"href":"https:\/\/dualtron-store.com\/index.php\/wp-json\/wp\/v2\/media\/71597"}],"wp:attachment":[{"href":"https:\/\/dualtron-store.com\/index.php\/wp-json\/wp\/v2\/media?parent=71596"}],"wp:term":[{"taxonomy":"product_cat","embeddable":true,"href":"https:\/\/dualtron-store.com\/index.php\/wp-json\/wp\/v2\/product_cat?post=71596"},{"taxonomy":"product_tag","embeddable":true,"href":"https:\/\/dualtron-store.com\/index.php\/wp-json\/wp\/v2\/product_tag?post=71596"}],"curies":[{"name":"wp","href":"https:\/\/api.w.org\/{rel}","templated":true}]}}