{"id":71321,"date":"2024-01-11T17:06:10","date_gmt":"2024-01-11T16:06:10","guid":{"rendered":"https:\/\/dualtron-store.com\/?post_type=product&#038;p=71321"},"modified":"2024-11-21T11:59:17","modified_gmt":"2024-11-21T10:59:17","slug":"pneu-dualtron-togo","status":"publish","type":"product","link":"https:\/\/dualtron-store.com\/index.php\/produit\/pneu-dualtron-togo\/","title":{"rendered":"PNEU &#8211; DUALTRON TOGO"},"content":{"rendered":"","protected":false},"excerpt":{"rendered":"<p>Les pneus de la Dualtron TOGO sont con\u00e7us pour offrir une performance optimale sur diff\u00e9rents types de surfaces urbaines. Ils sont probablement choisis pour leur adh\u00e9rence, leur durabilit\u00e9 et leur capacit\u00e9 \u00e0 absorber les chocs. Cependant, sans informations sp\u00e9cifiques sur le mod\u00e8le exact des pneus, il est difficile de fournir des d\u00e9tails pr\u00e9cis sur leurs caract\u00e9ristiques. Il serait recommand\u00e9 de consulter le manuel du propri\u00e9taire de la Dualtron TOGO ou de contacter le fabricant ou le revendeur pour obtenir des informations d\u00e9taill\u00e9es sur les pneus utilis\u00e9s sur ce mod\u00e8le sp\u00e9cifique de trottinette \u00e9lectrique.<\/p>\n","protected":false},"featured_media":71323,"comment_status":"open","ping_status":"closed","template":"","meta":{"om_disable_all_campaigns":false,"_mi_skip_tracking":false,"_monsterinsights_sitenote_active":false,"_monsterinsights_sitenote_note":"","_monsterinsights_sitenote_category":0},"product_cat":[287,545,586,18,51],"product_tag":[],"aioseo_notices":[],"_links":{"self":[{"href":"https:\/\/dualtron-store.com\/index.php\/wp-json\/wp\/v2\/product\/71321"}],"collection":[{"href":"https:\/\/dualtron-store.com\/index.php\/wp-json\/wp\/v2\/product"}],"about":[{"href":"https:\/\/dualtron-store.com\/index.php\/wp-json\/wp\/v2\/types\/product"}],"replies":[{"embeddable":true,"href":"https:\/\/dualtron-store.com\/index.php\/wp-json\/wp\/v2\/comments?post=71321"}],"wp:featuredmedia":[{"embeddable":true,"href":"https:\/\/dualtron-store.com\/index.php\/wp-json\/wp\/v2\/media\/71323"}],"wp:attachment":[{"href":"https:\/\/dualtron-store.com\/index.php\/wp-json\/wp\/v2\/media?parent=71321"}],"wp:term":[{"taxonomy":"product_cat","embeddable":true,"href":"https:\/\/dualtron-store.com\/index.php\/wp-json\/wp\/v2\/product_cat?post=71321"},{"taxonomy":"product_tag","embeddable":true,"href":"https:\/\/dualtron-store.com\/index.php\/wp-json\/wp\/v2\/product_tag?post=71321"}],"curies":[{"name":"wp","href":"https:\/\/api.w.org\/{rel}","templated":true}]}}