{"id":70832,"date":"2023-12-28T02:09:26","date_gmt":"2023-12-28T01:09:26","guid":{"rendered":"https:\/\/dualtron-store.com\/?post_type=product&#038;p=70832"},"modified":"2026-03-11T11:00:56","modified_gmt":"2026-03-11T10:00:56","slug":"led-arriere-dualtron-victor-4-fils","status":"publish","type":"product","link":"https:\/\/dualtron-store.com\/index.php\/produit\/led-arriere-dualtron-victor-4-fils\/","title":{"rendered":"Led arriere Dualtron Victor (4 fils)"},"content":{"rendered":"","protected":false},"excerpt":{"rendered":"<p><strong>La LED arri\u00e8re Dualtron Victor (4 fils)<\/strong> est une composante d&#8217;\u00e9clairage sp\u00e9cialement con\u00e7ue pour la trottinette \u00e9lectrique Dualtron Victor. Gr\u00e2ce \u00e0 ses quatre fils, cette LED offre des options d&#8217;\u00e9clairage polyvalentes, permettant une personnalisation efficace de l&#8217;\u00e9clairage arri\u00e8re.<\/p>\n","protected":false},"featured_media":70833,"comment_status":"open","ping_status":"closed","template":"","meta":{"om_disable_all_campaigns":false,"_mi_skip_tracking":false,"_monsterinsights_sitenote_active":false,"_monsterinsights_sitenote_note":"","_monsterinsights_sitenote_category":0},"product_cat":[325,18,51],"product_tag":[],"aioseo_notices":[],"_links":{"self":[{"href":"https:\/\/dualtron-store.com\/index.php\/wp-json\/wp\/v2\/product\/70832"}],"collection":[{"href":"https:\/\/dualtron-store.com\/index.php\/wp-json\/wp\/v2\/product"}],"about":[{"href":"https:\/\/dualtron-store.com\/index.php\/wp-json\/wp\/v2\/types\/product"}],"replies":[{"embeddable":true,"href":"https:\/\/dualtron-store.com\/index.php\/wp-json\/wp\/v2\/comments?post=70832"}],"wp:featuredmedia":[{"embeddable":true,"href":"https:\/\/dualtron-store.com\/index.php\/wp-json\/wp\/v2\/media\/70833"}],"wp:attachment":[{"href":"https:\/\/dualtron-store.com\/index.php\/wp-json\/wp\/v2\/media?parent=70832"}],"wp:term":[{"taxonomy":"product_cat","embeddable":true,"href":"https:\/\/dualtron-store.com\/index.php\/wp-json\/wp\/v2\/product_cat?post=70832"},{"taxonomy":"product_tag","embeddable":true,"href":"https:\/\/dualtron-store.com\/index.php\/wp-json\/wp\/v2\/product_tag?post=70832"}],"curies":[{"name":"wp","href":"https:\/\/api.w.org\/{rel}","templated":true}]}}