{"id":70828,"date":"2023-12-28T02:00:29","date_gmt":"2023-12-28T01:00:29","guid":{"rendered":"https:\/\/dualtron-store.com\/?post_type=product&#038;p=70828"},"modified":"2026-01-12T10:01:56","modified_gmt":"2026-01-12T09:01:56","slug":"cable-de-frein-dualtron-mini-bimoteur","status":"publish","type":"product","link":"https:\/\/dualtron-store.com\/index.php\/produit\/cable-de-frein-dualtron-mini-bimoteur\/","title":{"rendered":"Cable de frein Dualtron Mini bimoteur"},"content":{"rendered":"","protected":false},"excerpt":{"rendered":"<p><strong>Le c\u00e2ble de frein Dualtron Mini bimoteur<\/strong> est une pi\u00e8ce de rechange essentielle con\u00e7ue sp\u00e9cifiquement pour les utilisateurs de la trottinette \u00e9lectrique Dualtron Mini. Fabriqu\u00e9 avec des mat\u00e9riaux de haute qualit\u00e9, ce c\u00e2ble assure un fonctionnement fiable du syst\u00e8me de freinage, garantissant une conduite en toute s\u00e9curit\u00e9.<\/p>\n","protected":false},"featured_media":70831,"comment_status":"open","ping_status":"closed","template":"","meta":{"om_disable_all_campaigns":false,"_mi_skip_tracking":false,"_monsterinsights_sitenote_active":false,"_monsterinsights_sitenote_note":"","_monsterinsights_sitenote_category":0},"product_cat":[287,18,51],"product_tag":[],"aioseo_notices":[],"_links":{"self":[{"href":"https:\/\/dualtron-store.com\/index.php\/wp-json\/wp\/v2\/product\/70828"}],"collection":[{"href":"https:\/\/dualtron-store.com\/index.php\/wp-json\/wp\/v2\/product"}],"about":[{"href":"https:\/\/dualtron-store.com\/index.php\/wp-json\/wp\/v2\/types\/product"}],"replies":[{"embeddable":true,"href":"https:\/\/dualtron-store.com\/index.php\/wp-json\/wp\/v2\/comments?post=70828"}],"wp:featuredmedia":[{"embeddable":true,"href":"https:\/\/dualtron-store.com\/index.php\/wp-json\/wp\/v2\/media\/70831"}],"wp:attachment":[{"href":"https:\/\/dualtron-store.com\/index.php\/wp-json\/wp\/v2\/media?parent=70828"}],"wp:term":[{"taxonomy":"product_cat","embeddable":true,"href":"https:\/\/dualtron-store.com\/index.php\/wp-json\/wp\/v2\/product_cat?post=70828"},{"taxonomy":"product_tag","embeddable":true,"href":"https:\/\/dualtron-store.com\/index.php\/wp-json\/wp\/v2\/product_tag?post=70828"}],"curies":[{"name":"wp","href":"https:\/\/api.w.org\/{rel}","templated":true}]}}