{"id":70823,"date":"2023-12-28T01:44:24","date_gmt":"2023-12-28T00:44:24","guid":{"rendered":"https:\/\/dualtron-store.com\/?post_type=product&#038;p=70823"},"modified":"2023-12-28T11:07:12","modified_gmt":"2023-12-28T10:07:12","slug":"led-de-colonne-gauche-dualtron-mini","status":"publish","type":"product","link":"https:\/\/dualtron-store.com\/index.php\/produit\/led-de-colonne-gauche-dualtron-mini\/","title":{"rendered":"Led de colonne gauche Dualtron mini"},"content":{"rendered":"","protected":false},"excerpt":{"rendered":"<p>La LED de colonne gauche <strong>Dualtron Mini<\/strong> est une pi\u00e8ce d&#8217;\u00e9clairage sp\u00e9cifiquement con\u00e7ue pour les utilisateurs de la trottinette \u00e9lectrique Dualtron Mini. Cette LED offre un \u00e9clairage efficace et durable pour assurer une visibilit\u00e9 accrue, am\u00e9liorant ainsi la s\u00e9curit\u00e9 pendant la conduite.<\/p>\n","protected":false},"featured_media":70824,"comment_status":"open","ping_status":"closed","template":"","meta":{"om_disable_all_campaigns":false,"_mi_skip_tracking":false,"_monsterinsights_sitenote_active":false,"_monsterinsights_sitenote_note":"","_monsterinsights_sitenote_category":0},"product_cat":[287,18,51],"product_tag":[],"aioseo_notices":[],"_links":{"self":[{"href":"https:\/\/dualtron-store.com\/index.php\/wp-json\/wp\/v2\/product\/70823"}],"collection":[{"href":"https:\/\/dualtron-store.com\/index.php\/wp-json\/wp\/v2\/product"}],"about":[{"href":"https:\/\/dualtron-store.com\/index.php\/wp-json\/wp\/v2\/types\/product"}],"replies":[{"embeddable":true,"href":"https:\/\/dualtron-store.com\/index.php\/wp-json\/wp\/v2\/comments?post=70823"}],"wp:featuredmedia":[{"embeddable":true,"href":"https:\/\/dualtron-store.com\/index.php\/wp-json\/wp\/v2\/media\/70824"}],"wp:attachment":[{"href":"https:\/\/dualtron-store.com\/index.php\/wp-json\/wp\/v2\/media?parent=70823"}],"wp:term":[{"taxonomy":"product_cat","embeddable":true,"href":"https:\/\/dualtron-store.com\/index.php\/wp-json\/wp\/v2\/product_cat?post=70823"},{"taxonomy":"product_tag","embeddable":true,"href":"https:\/\/dualtron-store.com\/index.php\/wp-json\/wp\/v2\/product_tag?post=70823"}],"curies":[{"name":"wp","href":"https:\/\/api.w.org\/{rel}","templated":true}]}}