{"id":70764,"date":"2023-12-26T15:19:30","date_gmt":"2023-12-26T14:19:30","guid":{"rendered":"https:\/\/dualtron-store.com\/?post_type=product&#038;p=70764"},"modified":"2023-12-28T10:52:52","modified_gmt":"2023-12-28T09:52:52","slug":"bras-avant-gauche-dualtron-achilleus-noir","status":"publish","type":"product","link":"https:\/\/dualtron-store.com\/index.php\/produit\/bras-avant-gauche-dualtron-achilleus-noir\/","title":{"rendered":"Bras avant gauche Dualtron Achilleus (Noir)"},"content":{"rendered":"","protected":false},"excerpt":{"rendered":"<p>Avec sa finition noire \u00e9l\u00e9gante, ce bras avant offre non seulement une esth\u00e9tique soign\u00e9e mais \u00e9galement une durabilit\u00e9 exceptionnelle. Fabriqu\u00e9 avec des mat\u00e9riaux robustes, il garantit une r\u00e9sistance aux contraintes routi\u00e8res tout en maintenant la stabilit\u00e9 de la trottinette.<\/p>\n","protected":false},"featured_media":70765,"comment_status":"open","ping_status":"closed","template":"","meta":{"om_disable_all_campaigns":false,"_mi_skip_tracking":false,"_monsterinsights_sitenote_active":false,"_monsterinsights_sitenote_note":"","_monsterinsights_sitenote_category":0},"product_cat":[348,526,18,51],"product_tag":[],"aioseo_notices":[],"_links":{"self":[{"href":"https:\/\/dualtron-store.com\/index.php\/wp-json\/wp\/v2\/product\/70764"}],"collection":[{"href":"https:\/\/dualtron-store.com\/index.php\/wp-json\/wp\/v2\/product"}],"about":[{"href":"https:\/\/dualtron-store.com\/index.php\/wp-json\/wp\/v2\/types\/product"}],"replies":[{"embeddable":true,"href":"https:\/\/dualtron-store.com\/index.php\/wp-json\/wp\/v2\/comments?post=70764"}],"wp:featuredmedia":[{"embeddable":true,"href":"https:\/\/dualtron-store.com\/index.php\/wp-json\/wp\/v2\/media\/70765"}],"wp:attachment":[{"href":"https:\/\/dualtron-store.com\/index.php\/wp-json\/wp\/v2\/media?parent=70764"}],"wp:term":[{"taxonomy":"product_cat","embeddable":true,"href":"https:\/\/dualtron-store.com\/index.php\/wp-json\/wp\/v2\/product_cat?post=70764"},{"taxonomy":"product_tag","embeddable":true,"href":"https:\/\/dualtron-store.com\/index.php\/wp-json\/wp\/v2\/product_tag?post=70764"}],"curies":[{"name":"wp","href":"https:\/\/api.w.org\/{rel}","templated":true}]}}