{"id":70632,"date":"2023-12-20T18:18:04","date_gmt":"2023-12-20T17:18:04","guid":{"rendered":"https:\/\/dualtron-store.com\/?post_type=product&#038;p=70632"},"modified":"2026-04-06T08:43:14","modified_gmt":"2026-04-06T06:43:14","slug":"cache-avant-dualtron-pop","status":"publish","type":"product","link":"https:\/\/dualtron-store.com\/index.php\/produit\/cache-avant-dualtron-pop\/","title":{"rendered":"Cache avant Dualtron POP"},"content":{"rendered":"","protected":false},"excerpt":{"rendered":"<p><strong>Le Cache avant Dualtron POP<\/strong> est l&#8217;\u00e9l\u00e9ment essentiel pour parfaire l&#8217;esth\u00e9tique de votre trottinette \u00e9lectrique. Offrant un design moderne et une protection accrue, il allie style et fonctionnalit\u00e9 pour une exp\u00e9rience de conduite aussi \u00e9l\u00e9gante que s\u00e9curis\u00e9e. Transformez votre trajet avec ce must-have tendance.<\/p>\n","protected":false},"featured_media":70633,"comment_status":"open","ping_status":"closed","template":"","meta":{"om_disable_all_campaigns":false,"_mi_skip_tracking":false,"_monsterinsights_sitenote_active":false,"_monsterinsights_sitenote_note":"","_monsterinsights_sitenote_category":0},"product_cat":[545,18,51],"product_tag":[],"aioseo_notices":[],"_links":{"self":[{"href":"https:\/\/dualtron-store.com\/index.php\/wp-json\/wp\/v2\/product\/70632"}],"collection":[{"href":"https:\/\/dualtron-store.com\/index.php\/wp-json\/wp\/v2\/product"}],"about":[{"href":"https:\/\/dualtron-store.com\/index.php\/wp-json\/wp\/v2\/types\/product"}],"replies":[{"embeddable":true,"href":"https:\/\/dualtron-store.com\/index.php\/wp-json\/wp\/v2\/comments?post=70632"}],"wp:featuredmedia":[{"embeddable":true,"href":"https:\/\/dualtron-store.com\/index.php\/wp-json\/wp\/v2\/media\/70633"}],"wp:attachment":[{"href":"https:\/\/dualtron-store.com\/index.php\/wp-json\/wp\/v2\/media?parent=70632"}],"wp:term":[{"taxonomy":"product_cat","embeddable":true,"href":"https:\/\/dualtron-store.com\/index.php\/wp-json\/wp\/v2\/product_cat?post=70632"},{"taxonomy":"product_tag","embeddable":true,"href":"https:\/\/dualtron-store.com\/index.php\/wp-json\/wp\/v2\/product_tag?post=70632"}],"curies":[{"name":"wp","href":"https:\/\/api.w.org\/{rel}","templated":true}]}}