{"id":70515,"date":"2023-12-17T10:12:38","date_gmt":"2023-12-17T09:12:38","guid":{"rendered":"https:\/\/dualtron-store.com\/?post_type=product&#038;p=70515"},"modified":"2026-03-09T20:52:27","modified_gmt":"2026-03-09T19:52:27","slug":"ressort-cable-moteur-dualtron-thunder","status":"publish","type":"product","link":"https:\/\/dualtron-store.com\/index.php\/produit\/ressort-cable-moteur-dualtron-thunder\/","title":{"rendered":"Ressort cable moteur Dualtron Thunder"},"content":{"rendered":"","protected":false},"excerpt":{"rendered":"<p>La trottinette \u00e9lectrique Dualtron Thunder est \u00e9quip\u00e9e d&#8217;un<strong> ressort de c\u00e2ble moteur innovant<\/strong>, offrant une exp\u00e9rience de conduite exceptionnelle. Gr\u00e2ce \u00e0 son syst\u00e8me de ressort, elle garantit une suspension efficace, r\u00e9duisant les vibrations et assurant une conduite plus fluide, m\u00eame sur des surfaces irr\u00e9guli\u00e8res.<\/p>\n","protected":false},"featured_media":70516,"comment_status":"open","ping_status":"closed","template":"","meta":{"om_disable_all_campaigns":false,"_mi_skip_tracking":false,"_monsterinsights_sitenote_active":false,"_monsterinsights_sitenote_note":"","_monsterinsights_sitenote_category":0},"product_cat":[348,526,617,274,18,51],"product_tag":[],"aioseo_notices":[],"_links":{"self":[{"href":"https:\/\/dualtron-store.com\/index.php\/wp-json\/wp\/v2\/product\/70515"}],"collection":[{"href":"https:\/\/dualtron-store.com\/index.php\/wp-json\/wp\/v2\/product"}],"about":[{"href":"https:\/\/dualtron-store.com\/index.php\/wp-json\/wp\/v2\/types\/product"}],"replies":[{"embeddable":true,"href":"https:\/\/dualtron-store.com\/index.php\/wp-json\/wp\/v2\/comments?post=70515"}],"wp:featuredmedia":[{"embeddable":true,"href":"https:\/\/dualtron-store.com\/index.php\/wp-json\/wp\/v2\/media\/70516"}],"wp:attachment":[{"href":"https:\/\/dualtron-store.com\/index.php\/wp-json\/wp\/v2\/media?parent=70515"}],"wp:term":[{"taxonomy":"product_cat","embeddable":true,"href":"https:\/\/dualtron-store.com\/index.php\/wp-json\/wp\/v2\/product_cat?post=70515"},{"taxonomy":"product_tag","embeddable":true,"href":"https:\/\/dualtron-store.com\/index.php\/wp-json\/wp\/v2\/product_tag?post=70515"}],"curies":[{"name":"wp","href":"https:\/\/api.w.org\/{rel}","templated":true}]}}