{"id":70513,"date":"2023-12-17T10:11:04","date_gmt":"2023-12-17T09:11:04","guid":{"rendered":"https:\/\/dualtron-store.com\/?post_type=product&#038;p=70513"},"modified":"2026-02-26T07:19:07","modified_gmt":"2026-02-26T06:19:07","slug":"ressort-cable-moteur-dualtron-mini-eagle","status":"publish","type":"product","link":"https:\/\/dualtron-store.com\/index.php\/produit\/ressort-cable-moteur-dualtron-mini-eagle\/","title":{"rendered":"Ressort cable moteur Dualtron Mini, Eagle"},"content":{"rendered":"","protected":false},"excerpt":{"rendered":"<p>La trottinette \u00e9lectrique Dualtron Mini, Eagle, se distingue par son ressort de c\u00e2ble moteur de pointe. Ce syst\u00e8me innovant assure une conduite souple et r\u00e9active, optimisant la performance globale de la trottinette. <strong>Le ressort de c\u00e2ble moteur<\/strong> am\u00e9liore la suspension, permettant une absorption efficace des chocs sur diff\u00e9rents terrains.<\/p>\n","protected":false},"featured_media":70517,"comment_status":"open","ping_status":"closed","template":"","meta":{"om_disable_all_campaigns":false,"_mi_skip_tracking":false,"_monsterinsights_sitenote_active":false,"_monsterinsights_sitenote_note":"","_monsterinsights_sitenote_category":0},"product_cat":[277,287,18,51],"product_tag":[],"aioseo_notices":[],"_links":{"self":[{"href":"https:\/\/dualtron-store.com\/index.php\/wp-json\/wp\/v2\/product\/70513"}],"collection":[{"href":"https:\/\/dualtron-store.com\/index.php\/wp-json\/wp\/v2\/product"}],"about":[{"href":"https:\/\/dualtron-store.com\/index.php\/wp-json\/wp\/v2\/types\/product"}],"replies":[{"embeddable":true,"href":"https:\/\/dualtron-store.com\/index.php\/wp-json\/wp\/v2\/comments?post=70513"}],"wp:featuredmedia":[{"embeddable":true,"href":"https:\/\/dualtron-store.com\/index.php\/wp-json\/wp\/v2\/media\/70517"}],"wp:attachment":[{"href":"https:\/\/dualtron-store.com\/index.php\/wp-json\/wp\/v2\/media?parent=70513"}],"wp:term":[{"taxonomy":"product_cat","embeddable":true,"href":"https:\/\/dualtron-store.com\/index.php\/wp-json\/wp\/v2\/product_cat?post=70513"},{"taxonomy":"product_tag","embeddable":true,"href":"https:\/\/dualtron-store.com\/index.php\/wp-json\/wp\/v2\/product_tag?post=70513"}],"curies":[{"name":"wp","href":"https:\/\/api.w.org\/{rel}","templated":true}]}}