{"id":70511,"date":"2023-12-17T10:09:02","date_gmt":"2023-12-17T09:09:02","guid":{"rendered":"https:\/\/dualtron-store.com\/?post_type=product&#038;p=70511"},"modified":"2026-03-31T20:50:52","modified_gmt":"2026-03-31T18:50:52","slug":"cable-moteur-dualtron-eagle-victor-speedway-5","status":"publish","type":"product","link":"https:\/\/dualtron-store.com\/index.php\/produit\/cable-moteur-dualtron-eagle-victor-speedway-5\/","title":{"rendered":"Cable moteur Dualtron Eagle, Victor, Speedway 5"},"content":{"rendered":"","protected":false},"excerpt":{"rendered":"<p>Le c\u00e2ble moteur Dualtron Eagle, Victor, Speedway 5 est un composant de haute qualit\u00e9 con\u00e7u pour optimiser les performances des trottinettes \u00e9lectriques. Dot\u00e9 d&#8217;une construction robuste, ce c\u00e2ble moteur assure une transmission efficace de la puissance du moteur, garantissant une acc\u00e9l\u00e9ration fluide et une r\u00e9ponse pr\u00e9cise aux commandes.<\/p>\n","protected":false},"featured_media":70512,"comment_status":"open","ping_status":"closed","template":"","meta":{"om_disable_all_campaigns":false,"_mi_skip_tracking":false,"_monsterinsights_sitenote_active":false,"_monsterinsights_sitenote_note":"","_monsterinsights_sitenote_category":0},"product_cat":[277,325,282,18,51,52],"product_tag":[],"aioseo_notices":[],"_links":{"self":[{"href":"https:\/\/dualtron-store.com\/index.php\/wp-json\/wp\/v2\/product\/70511"}],"collection":[{"href":"https:\/\/dualtron-store.com\/index.php\/wp-json\/wp\/v2\/product"}],"about":[{"href":"https:\/\/dualtron-store.com\/index.php\/wp-json\/wp\/v2\/types\/product"}],"replies":[{"embeddable":true,"href":"https:\/\/dualtron-store.com\/index.php\/wp-json\/wp\/v2\/comments?post=70511"}],"wp:featuredmedia":[{"embeddable":true,"href":"https:\/\/dualtron-store.com\/index.php\/wp-json\/wp\/v2\/media\/70512"}],"wp:attachment":[{"href":"https:\/\/dualtron-store.com\/index.php\/wp-json\/wp\/v2\/media?parent=70511"}],"wp:term":[{"taxonomy":"product_cat","embeddable":true,"href":"https:\/\/dualtron-store.com\/index.php\/wp-json\/wp\/v2\/product_cat?post=70511"},{"taxonomy":"product_tag","embeddable":true,"href":"https:\/\/dualtron-store.com\/index.php\/wp-json\/wp\/v2\/product_tag?post=70511"}],"curies":[{"name":"wp","href":"https:\/\/api.w.org\/{rel}","templated":true}]}}