{"id":70508,"date":"2023-12-17T10:04:30","date_gmt":"2023-12-17T09:04:30","guid":{"rendered":"https:\/\/dualtron-store.com\/?post_type=product&#038;p=70508"},"modified":"2026-04-17T17:59:51","modified_gmt":"2026-04-17T15:59:51","slug":"paire-de-plaquettes-de-frein-ceramique-compatible-frein-zoom-et-nutt","status":"publish","type":"product","link":"https:\/\/dualtron-store.com\/index.php\/produit\/paire-de-plaquettes-de-frein-ceramique-compatible-frein-zoom-et-nutt\/","title":{"rendered":"Paire de plaquettes de frein c\u00e9ramique compatible frein Zoom et Nutt"},"content":{"rendered":"<p><iframe loading=\"lazy\" title=\"Tuto remplacement plaquettes de frein ZOOM \/ NUTT - trottinette \u00e9lectrique\" width=\"1140\" height=\"641\" src=\"https:\/\/www.youtube.com\/embed\/2ShW2xdpBa0?feature=oembed\" frameborder=\"0\" allow=\"accelerometer; autoplay; clipboard-write; encrypted-media; gyroscope; picture-in-picture; web-share\" referrerpolicy=\"strict-origin-when-cross-origin\" allowfullscreen><\/iframe><\/p>\n","protected":false},"excerpt":{"rendered":"<p><strong>Les plaquettes de frein c\u00e9ramique, compatibles avec les syst\u00e8mes de frein Zoom et Nutt<\/strong>, constituent une am\u00e9lioration essentielle pour votre trottinette \u00e9lectrique. Con\u00e7ues pour offrir une performance de freinage optimale, ces plaquettes en c\u00e9ramique assurent une friction stable et efficace, permettant des arr\u00eats rapides et s\u00e9curis\u00e9s.<\/p>\n<p>&nbsp;<\/p>\n","protected":false},"featured_media":86851,"comment_status":"open","ping_status":"closed","template":"","meta":{"om_disable_all_campaigns":false,"_mi_skip_tracking":false,"_monsterinsights_sitenote_active":false,"_monsterinsights_sitenote_note":"","_monsterinsights_sitenote_category":0},"product_cat":[345,348,346,526,617,618,743,272,274,325,742,613,616,704,619,620,745,18,51],"product_tag":[],"aioseo_notices":[],"_links":{"self":[{"href":"https:\/\/dualtron-store.com\/index.php\/wp-json\/wp\/v2\/product\/70508"}],"collection":[{"href":"https:\/\/dualtron-store.com\/index.php\/wp-json\/wp\/v2\/product"}],"about":[{"href":"https:\/\/dualtron-store.com\/index.php\/wp-json\/wp\/v2\/types\/product"}],"replies":[{"embeddable":true,"href":"https:\/\/dualtron-store.com\/index.php\/wp-json\/wp\/v2\/comments?post=70508"}],"wp:featuredmedia":[{"embeddable":true,"href":"https:\/\/dualtron-store.com\/index.php\/wp-json\/wp\/v2\/media\/86851"}],"wp:attachment":[{"href":"https:\/\/dualtron-store.com\/index.php\/wp-json\/wp\/v2\/media?parent=70508"}],"wp:term":[{"taxonomy":"product_cat","embeddable":true,"href":"https:\/\/dualtron-store.com\/index.php\/wp-json\/wp\/v2\/product_cat?post=70508"},{"taxonomy":"product_tag","embeddable":true,"href":"https:\/\/dualtron-store.com\/index.php\/wp-json\/wp\/v2\/product_tag?post=70508"}],"curies":[{"name":"wp","href":"https:\/\/api.w.org\/{rel}","templated":true}]}}