{"id":70502,"date":"2023-12-17T09:58:09","date_gmt":"2023-12-17T08:58:09","guid":{"rendered":"https:\/\/dualtron-store.com\/?post_type=product&#038;p=70502"},"modified":"2025-11-09T18:59:16","modified_gmt":"2025-11-09T17:59:16","slug":"lot-de-10-connecteur-banane-55-mm-dualtron","status":"publish","type":"product","link":"https:\/\/dualtron-store.com\/index.php\/produit\/lot-de-10-connecteur-banane-55-mm-dualtron\/","title":{"rendered":"Lot de 10 connecteur banane 5,5 mm Dualtron cosse moteur"},"content":{"rendered":"","protected":false},"excerpt":{"rendered":"<p>Le lot de 10 connecteurs banane <strong>5,5 mm<\/strong> Dualtron est l&#8217;accessoire incontournable pour les amateurs de trottinettes \u00e9lectriques. Compos\u00e9 de 5 connecteurs m\u00e2les et 5 connecteurs femelles, cet ensemble offre une solution pratique pour maintenir et am\u00e9liorer les connexions \u00e9lectriques de votre trottinette. Con\u00e7us sp\u00e9cifiquement pour r\u00e9pondre aux exigences des trottinettes \u00e9lectriques, ces connecteurs banane Dualtron assurent une connexion fiable, garantissant une performance \u00e9lectrique optimale.<\/p>\n","protected":false},"featured_media":70503,"comment_status":"open","ping_status":"closed","template":"","meta":{"om_disable_all_campaigns":false,"_mi_skip_tracking":false,"_monsterinsights_sitenote_active":false,"_monsterinsights_sitenote_note":"","_monsterinsights_sitenote_category":0},"product_cat":[18,51],"product_tag":[],"aioseo_notices":[],"_links":{"self":[{"href":"https:\/\/dualtron-store.com\/index.php\/wp-json\/wp\/v2\/product\/70502"}],"collection":[{"href":"https:\/\/dualtron-store.com\/index.php\/wp-json\/wp\/v2\/product"}],"about":[{"href":"https:\/\/dualtron-store.com\/index.php\/wp-json\/wp\/v2\/types\/product"}],"replies":[{"embeddable":true,"href":"https:\/\/dualtron-store.com\/index.php\/wp-json\/wp\/v2\/comments?post=70502"}],"wp:featuredmedia":[{"embeddable":true,"href":"https:\/\/dualtron-store.com\/index.php\/wp-json\/wp\/v2\/media\/70503"}],"wp:attachment":[{"href":"https:\/\/dualtron-store.com\/index.php\/wp-json\/wp\/v2\/media?parent=70502"}],"wp:term":[{"taxonomy":"product_cat","embeddable":true,"href":"https:\/\/dualtron-store.com\/index.php\/wp-json\/wp\/v2\/product_cat?post=70502"},{"taxonomy":"product_tag","embeddable":true,"href":"https:\/\/dualtron-store.com\/index.php\/wp-json\/wp\/v2\/product_tag?post=70502"}],"curies":[{"name":"wp","href":"https:\/\/api.w.org\/{rel}","templated":true}]}}