{"id":70485,"date":"2023-12-16T13:54:35","date_gmt":"2023-12-16T12:54:35","guid":{"rendered":"https:\/\/dualtron-store.com\/?post_type=product&#038;p=70485"},"modified":"2026-02-03T23:13:03","modified_gmt":"2026-02-03T22:13:03","slug":"joint-detancheite-teverun-7260r","status":"publish","type":"product","link":"https:\/\/dualtron-store.com\/index.php\/produit\/joint-detancheite-teverun-7260r\/","title":{"rendered":"Joint d&#8217;\u00e9tanch\u00e9it\u00e9 Teverun 7260R"},"content":{"rendered":"","protected":false},"excerpt":{"rendered":"<p><strong>Le joint d&#8217;\u00e9tanch\u00e9it\u00e9 Teverun 7260R<\/strong> est une solution fiable pour assurer l&#8217;\u00e9tanch\u00e9it\u00e9 optimale dans diverses applications. Fabriqu\u00e9 avec des mat\u00e9riaux de haute qualit\u00e9, ce joint offre une r\u00e9sistance exceptionnelle aux fuites et aux infiltrations.<\/p>\n","protected":false},"featured_media":70487,"comment_status":"open","ping_status":"closed","template":"","meta":{"om_disable_all_campaigns":false,"_mi_skip_tracking":false,"_monsterinsights_sitenote_active":false,"_monsterinsights_sitenote_note":"","_monsterinsights_sitenote_category":0},"product_cat":[580,632,18],"product_tag":[],"aioseo_notices":[],"_links":{"self":[{"href":"https:\/\/dualtron-store.com\/index.php\/wp-json\/wp\/v2\/product\/70485"}],"collection":[{"href":"https:\/\/dualtron-store.com\/index.php\/wp-json\/wp\/v2\/product"}],"about":[{"href":"https:\/\/dualtron-store.com\/index.php\/wp-json\/wp\/v2\/types\/product"}],"replies":[{"embeddable":true,"href":"https:\/\/dualtron-store.com\/index.php\/wp-json\/wp\/v2\/comments?post=70485"}],"wp:featuredmedia":[{"embeddable":true,"href":"https:\/\/dualtron-store.com\/index.php\/wp-json\/wp\/v2\/media\/70487"}],"wp:attachment":[{"href":"https:\/\/dualtron-store.com\/index.php\/wp-json\/wp\/v2\/media?parent=70485"}],"wp:term":[{"taxonomy":"product_cat","embeddable":true,"href":"https:\/\/dualtron-store.com\/index.php\/wp-json\/wp\/v2\/product_cat?post=70485"},{"taxonomy":"product_tag","embeddable":true,"href":"https:\/\/dualtron-store.com\/index.php\/wp-json\/wp\/v2\/product_tag?post=70485"}],"curies":[{"name":"wp","href":"https:\/\/api.w.org\/{rel}","templated":true}]}}