{"id":70437,"date":"2023-12-15T00:24:22","date_gmt":"2023-12-14T23:24:22","guid":{"rendered":"https:\/\/dualtron-store.com\/?post_type=product&#038;p=70437"},"modified":"2026-01-29T15:31:44","modified_gmt":"2026-01-29T14:31:44","slug":"garde-boue-teverun-fighter-mini","status":"publish","type":"product","link":"https:\/\/dualtron-store.com\/index.php\/produit\/garde-boue-teverun-fighter-mini\/","title":{"rendered":"Garde boue Teverun Fighter Mini"},"content":{"rendered":"","protected":false},"excerpt":{"rendered":"<p><strong>Le garde-boue Teverun Fighter Mini<\/strong> est l&#8217;accessoire parfait pour am\u00e9liorer la fonctionnalit\u00e9 et la propret\u00e9 de votre trottinette \u00e9lectrique. Con\u00e7u sur mesure pour s&#8217;adapter aux dimensions des roues de la Teverun Fighter Mini, ce garde-boue robuste offre une protection fiable contre les \u00e9claboussures de boue, les projections d&#8217;eau et les salet\u00e9s, assurant ainsi une conduite plus propre et agr\u00e9able.<\/p>\n","protected":false},"featured_media":70438,"comment_status":"open","ping_status":"closed","template":"","meta":{"om_disable_all_campaigns":false,"_mi_skip_tracking":false,"_monsterinsights_sitenote_active":false,"_monsterinsights_sitenote_note":"","_monsterinsights_sitenote_category":0},"product_cat":[580,633,18],"product_tag":[],"aioseo_notices":[],"_links":{"self":[{"href":"https:\/\/dualtron-store.com\/index.php\/wp-json\/wp\/v2\/product\/70437"}],"collection":[{"href":"https:\/\/dualtron-store.com\/index.php\/wp-json\/wp\/v2\/product"}],"about":[{"href":"https:\/\/dualtron-store.com\/index.php\/wp-json\/wp\/v2\/types\/product"}],"replies":[{"embeddable":true,"href":"https:\/\/dualtron-store.com\/index.php\/wp-json\/wp\/v2\/comments?post=70437"}],"wp:featuredmedia":[{"embeddable":true,"href":"https:\/\/dualtron-store.com\/index.php\/wp-json\/wp\/v2\/media\/70438"}],"wp:attachment":[{"href":"https:\/\/dualtron-store.com\/index.php\/wp-json\/wp\/v2\/media?parent=70437"}],"wp:term":[{"taxonomy":"product_cat","embeddable":true,"href":"https:\/\/dualtron-store.com\/index.php\/wp-json\/wp\/v2\/product_cat?post=70437"},{"taxonomy":"product_tag","embeddable":true,"href":"https:\/\/dualtron-store.com\/index.php\/wp-json\/wp\/v2\/product_tag?post=70437"}],"curies":[{"name":"wp","href":"https:\/\/api.w.org\/{rel}","templated":true}]}}