{"id":70435,"date":"2023-12-15T00:21:34","date_gmt":"2023-12-14T23:21:34","guid":{"rendered":"https:\/\/dualtron-store.com\/?post_type=product&#038;p=70435"},"modified":"2026-01-29T15:31:59","modified_gmt":"2026-01-29T14:31:59","slug":"grip-caoutchouc-teverun-fighter-supreme-7260r","status":"publish","type":"product","link":"https:\/\/dualtron-store.com\/index.php\/produit\/grip-caoutchouc-teverun-fighter-supreme-7260r\/","title":{"rendered":"Grip caoutchouc Teverun Fighter Supreme &#8211; 7260R"},"content":{"rendered":"","protected":false},"excerpt":{"rendered":"<p><strong>Le Grip en caoutchouc Teverun Fighter Supreme &#8211; 7260R<\/strong> est l&#8217;accessoire ultime pour am\u00e9liorer le confort et le contr\u00f4le de votre trottinette \u00e9lectrique. Con\u00e7u avec un mat\u00e9riau caoutchout\u00e9 de haute qualit\u00e9, ce grip offre une adh\u00e9rence exceptionnelle, assurant une prise s\u00fbre m\u00eame dans des conditions m\u00e9t\u00e9orologiques d\u00e9favorables.<\/p>\n","protected":false},"featured_media":70436,"comment_status":"open","ping_status":"closed","template":"","meta":{"om_disable_all_campaigns":false,"_mi_skip_tracking":false,"_monsterinsights_sitenote_active":false,"_monsterinsights_sitenote_note":"","_monsterinsights_sitenote_category":0},"product_cat":[580,632,18],"product_tag":[],"aioseo_notices":[],"_links":{"self":[{"href":"https:\/\/dualtron-store.com\/index.php\/wp-json\/wp\/v2\/product\/70435"}],"collection":[{"href":"https:\/\/dualtron-store.com\/index.php\/wp-json\/wp\/v2\/product"}],"about":[{"href":"https:\/\/dualtron-store.com\/index.php\/wp-json\/wp\/v2\/types\/product"}],"replies":[{"embeddable":true,"href":"https:\/\/dualtron-store.com\/index.php\/wp-json\/wp\/v2\/comments?post=70435"}],"wp:featuredmedia":[{"embeddable":true,"href":"https:\/\/dualtron-store.com\/index.php\/wp-json\/wp\/v2\/media\/70436"}],"wp:attachment":[{"href":"https:\/\/dualtron-store.com\/index.php\/wp-json\/wp\/v2\/media?parent=70435"}],"wp:term":[{"taxonomy":"product_cat","embeddable":true,"href":"https:\/\/dualtron-store.com\/index.php\/wp-json\/wp\/v2\/product_cat?post=70435"},{"taxonomy":"product_tag","embeddable":true,"href":"https:\/\/dualtron-store.com\/index.php\/wp-json\/wp\/v2\/product_tag?post=70435"}],"curies":[{"name":"wp","href":"https:\/\/api.w.org\/{rel}","templated":true}]}}