{"id":70431,"date":"2023-12-15T00:13:39","date_gmt":"2023-12-14T23:13:39","guid":{"rendered":"https:\/\/dualtron-store.com\/?post_type=product&#038;p=70431"},"modified":"2023-12-15T16:35:39","modified_gmt":"2023-12-15T15:35:39","slug":"controleur-arriere-teverun-fighter-mini","status":"publish","type":"product","link":"https:\/\/dualtron-store.com\/index.php\/produit\/controleur-arriere-teverun-fighter-mini\/","title":{"rendered":"Controleur arri\u00e8re Teverun Fighter Mini"},"content":{"rendered":"","protected":false},"excerpt":{"rendered":"<p><strong>Le contr\u00f4leur arri\u00e8re Teverun Fighter Mini<\/strong> est l&#8217;\u00e9l\u00e9ment essentiel pour optimiser les performances de votre trottinette \u00e9lectrique. Con\u00e7u sp\u00e9cifiquement pour le mod\u00e8le Fighter Mini, ce contr\u00f4leur assure une gestion efficace de la puissance et de la vitesse, offrant une exp\u00e9rience de conduite fluide et r\u00e9active.<\/p>\n","protected":false},"featured_media":70432,"comment_status":"open","ping_status":"closed","template":"","meta":{"om_disable_all_campaigns":false,"_mi_skip_tracking":false,"_monsterinsights_sitenote_active":false,"_monsterinsights_sitenote_note":"","_monsterinsights_sitenote_category":0},"product_cat":[580,18],"product_tag":[],"aioseo_notices":[],"_links":{"self":[{"href":"https:\/\/dualtron-store.com\/index.php\/wp-json\/wp\/v2\/product\/70431"}],"collection":[{"href":"https:\/\/dualtron-store.com\/index.php\/wp-json\/wp\/v2\/product"}],"about":[{"href":"https:\/\/dualtron-store.com\/index.php\/wp-json\/wp\/v2\/types\/product"}],"replies":[{"embeddable":true,"href":"https:\/\/dualtron-store.com\/index.php\/wp-json\/wp\/v2\/comments?post=70431"}],"wp:featuredmedia":[{"embeddable":true,"href":"https:\/\/dualtron-store.com\/index.php\/wp-json\/wp\/v2\/media\/70432"}],"wp:attachment":[{"href":"https:\/\/dualtron-store.com\/index.php\/wp-json\/wp\/v2\/media?parent=70431"}],"wp:term":[{"taxonomy":"product_cat","embeddable":true,"href":"https:\/\/dualtron-store.com\/index.php\/wp-json\/wp\/v2\/product_cat?post=70431"},{"taxonomy":"product_tag","embeddable":true,"href":"https:\/\/dualtron-store.com\/index.php\/wp-json\/wp\/v2\/product_tag?post=70431"}],"curies":[{"name":"wp","href":"https:\/\/api.w.org\/{rel}","templated":true}]}}