{"id":70429,"date":"2023-12-15T00:05:30","date_gmt":"2023-12-14T23:05:30","guid":{"rendered":"https:\/\/dualtron-store.com\/?post_type=product&#038;p=70429"},"modified":"2023-12-15T15:39:39","modified_gmt":"2023-12-15T14:39:39","slug":"cache-led-de-colonne-de-direction-teverun-fighter-mini","status":"publish","type":"product","link":"https:\/\/dualtron-store.com\/index.php\/produit\/cache-led-de-colonne-de-direction-teverun-fighter-mini\/","title":{"rendered":"Cache led de colonne de direction Teverun Fighter Mini"},"content":{"rendered":"","protected":false},"excerpt":{"rendered":"<p><strong>Le cache LED de colonne de direction Teverun Fighter Mini<\/strong> est un accessoire \u00e9l\u00e9gant pour les trottinettes \u00e9lectriques. Il ajoute une touche esth\u00e9tique tout en prot\u00e9geant les composants, am\u00e9liorant ainsi le style et la durabilit\u00e9 de votre trottinette.<\/p>\n<p><strong>Vendu \u00e0 l&#8217;unit\u00e9<\/strong><\/p>\n","protected":false},"featured_media":70430,"comment_status":"open","ping_status":"closed","template":"","meta":{"om_disable_all_campaigns":false,"_mi_skip_tracking":false,"_monsterinsights_sitenote_active":false,"_monsterinsights_sitenote_note":"","_monsterinsights_sitenote_category":0},"product_cat":[580,18],"product_tag":[],"aioseo_notices":[],"_links":{"self":[{"href":"https:\/\/dualtron-store.com\/index.php\/wp-json\/wp\/v2\/product\/70429"}],"collection":[{"href":"https:\/\/dualtron-store.com\/index.php\/wp-json\/wp\/v2\/product"}],"about":[{"href":"https:\/\/dualtron-store.com\/index.php\/wp-json\/wp\/v2\/types\/product"}],"replies":[{"embeddable":true,"href":"https:\/\/dualtron-store.com\/index.php\/wp-json\/wp\/v2\/comments?post=70429"}],"wp:featuredmedia":[{"embeddable":true,"href":"https:\/\/dualtron-store.com\/index.php\/wp-json\/wp\/v2\/media\/70430"}],"wp:attachment":[{"href":"https:\/\/dualtron-store.com\/index.php\/wp-json\/wp\/v2\/media?parent=70429"}],"wp:term":[{"taxonomy":"product_cat","embeddable":true,"href":"https:\/\/dualtron-store.com\/index.php\/wp-json\/wp\/v2\/product_cat?post=70429"},{"taxonomy":"product_tag","embeddable":true,"href":"https:\/\/dualtron-store.com\/index.php\/wp-json\/wp\/v2\/product_tag?post=70429"}],"curies":[{"name":"wp","href":"https:\/\/api.w.org\/{rel}","templated":true}]}}