{"id":70426,"date":"2023-12-15T00:03:04","date_gmt":"2023-12-14T23:03:04","guid":{"rendered":"https:\/\/dualtron-store.com\/?post_type=product&#038;p=70426"},"modified":"2026-01-29T15:32:17","modified_gmt":"2026-01-29T14:32:17","slug":"paire-de-poignee-teverun-fighter-mini","status":"publish","type":"product","link":"https:\/\/dualtron-store.com\/index.php\/produit\/paire-de-poignee-teverun-fighter-mini\/","title":{"rendered":"Paire de poign\u00e9e Teverun Fighter Mini"},"content":{"rendered":"","protected":false},"excerpt":{"rendered":"<p><strong>La paire de poign\u00e9es Teverun Fighter Mini<\/strong> est un accessoire \u00e9l\u00e9gant et fonctionnel con\u00e7u sp\u00e9cialement pour les trottinettes \u00e9lectriques. Fabriqu\u00e9es avec des mat\u00e9riaux de haute qualit\u00e9, ces poign\u00e9es offrent une prise confortable et antid\u00e9rapante, am\u00e9liorant ainsi la s\u00e9curit\u00e9 et le contr\u00f4le de la trottinette pendant vos d\u00e9placements.<\/p>\n","protected":false},"featured_media":70428,"comment_status":"open","ping_status":"closed","template":"","meta":{"om_disable_all_campaigns":false,"_mi_skip_tracking":false,"_monsterinsights_sitenote_active":false,"_monsterinsights_sitenote_note":"","_monsterinsights_sitenote_category":0},"product_cat":[580,633,18],"product_tag":[],"aioseo_notices":[],"_links":{"self":[{"href":"https:\/\/dualtron-store.com\/index.php\/wp-json\/wp\/v2\/product\/70426"}],"collection":[{"href":"https:\/\/dualtron-store.com\/index.php\/wp-json\/wp\/v2\/product"}],"about":[{"href":"https:\/\/dualtron-store.com\/index.php\/wp-json\/wp\/v2\/types\/product"}],"replies":[{"embeddable":true,"href":"https:\/\/dualtron-store.com\/index.php\/wp-json\/wp\/v2\/comments?post=70426"}],"wp:featuredmedia":[{"embeddable":true,"href":"https:\/\/dualtron-store.com\/index.php\/wp-json\/wp\/v2\/media\/70428"}],"wp:attachment":[{"href":"https:\/\/dualtron-store.com\/index.php\/wp-json\/wp\/v2\/media?parent=70426"}],"wp:term":[{"taxonomy":"product_cat","embeddable":true,"href":"https:\/\/dualtron-store.com\/index.php\/wp-json\/wp\/v2\/product_cat?post=70426"},{"taxonomy":"product_tag","embeddable":true,"href":"https:\/\/dualtron-store.com\/index.php\/wp-json\/wp\/v2\/product_tag?post=70426"}],"curies":[{"name":"wp","href":"https:\/\/api.w.org\/{rel}","templated":true}]}}