{"id":70421,"date":"2023-12-14T23:58:37","date_gmt":"2023-12-14T22:58:37","guid":{"rendered":"https:\/\/dualtron-store.com\/?post_type=product&#038;p=70421"},"modified":"2023-12-15T15:32:53","modified_gmt":"2023-12-15T14:32:53","slug":"grip-de-deck-teverun-fighter-mini","status":"publish","type":"product","link":"https:\/\/dualtron-store.com\/index.php\/produit\/grip-de-deck-teverun-fighter-mini\/","title":{"rendered":"Grip de deck Teverun Fighter Mini"},"content":{"rendered":"","protected":false},"excerpt":{"rendered":"<p><strong>Le grip de deck Teverun Fighter Mini<\/strong> est un incontournable pour les trottinettes \u00e9lectriques. Offrant une adh\u00e9rence exceptionnelle, il garantit une conduite stable et s\u00e9curis\u00e9e. Facile \u00e0 installer et durable, ce grip am\u00e9liore le confort tout en ajoutant une touche de style \u00e0 votre trottinette \u00e9lectrique.<\/p>\n","protected":false},"featured_media":70422,"comment_status":"open","ping_status":"closed","template":"","meta":{"om_disable_all_campaigns":false,"_mi_skip_tracking":false,"_monsterinsights_sitenote_active":false,"_monsterinsights_sitenote_note":"","_monsterinsights_sitenote_category":0},"product_cat":[580,18],"product_tag":[],"aioseo_notices":[],"_links":{"self":[{"href":"https:\/\/dualtron-store.com\/index.php\/wp-json\/wp\/v2\/product\/70421"}],"collection":[{"href":"https:\/\/dualtron-store.com\/index.php\/wp-json\/wp\/v2\/product"}],"about":[{"href":"https:\/\/dualtron-store.com\/index.php\/wp-json\/wp\/v2\/types\/product"}],"replies":[{"embeddable":true,"href":"https:\/\/dualtron-store.com\/index.php\/wp-json\/wp\/v2\/comments?post=70421"}],"wp:featuredmedia":[{"embeddable":true,"href":"https:\/\/dualtron-store.com\/index.php\/wp-json\/wp\/v2\/media\/70422"}],"wp:attachment":[{"href":"https:\/\/dualtron-store.com\/index.php\/wp-json\/wp\/v2\/media?parent=70421"}],"wp:term":[{"taxonomy":"product_cat","embeddable":true,"href":"https:\/\/dualtron-store.com\/index.php\/wp-json\/wp\/v2\/product_cat?post=70421"},{"taxonomy":"product_tag","embeddable":true,"href":"https:\/\/dualtron-store.com\/index.php\/wp-json\/wp\/v2\/product_tag?post=70421"}],"curies":[{"name":"wp","href":"https:\/\/api.w.org\/{rel}","templated":true}]}}