{"id":70401,"date":"2023-12-14T16:42:43","date_gmt":"2023-12-14T15:42:43","guid":{"rendered":"https:\/\/dualtron-store.com\/?post_type=product&#038;p=70401"},"modified":"2023-12-14T16:44:45","modified_gmt":"2023-12-14T15:44:45","slug":"cache-lateral-complet-dualtron-achilleus-2024","status":"publish","type":"product","link":"https:\/\/dualtron-store.com\/index.php\/produit\/cache-lateral-complet-dualtron-achilleus-2024\/","title":{"rendered":"Cache lat\u00e9ral complet Dualtron Achilleus 2024"},"content":{"rendered":"","protected":false},"excerpt":{"rendered":"<p>Vendu \u00e0 l&#8217;unit\u00e9.<\/p>\n","protected":false},"featured_media":70403,"comment_status":"open","ping_status":"closed","template":"","meta":{"om_disable_all_campaigns":false,"_mi_skip_tracking":false,"_monsterinsights_sitenote_active":false,"_monsterinsights_sitenote_note":"","_monsterinsights_sitenote_category":0},"product_cat":[526,18,51],"product_tag":[],"aioseo_notices":[],"_links":{"self":[{"href":"https:\/\/dualtron-store.com\/index.php\/wp-json\/wp\/v2\/product\/70401"}],"collection":[{"href":"https:\/\/dualtron-store.com\/index.php\/wp-json\/wp\/v2\/product"}],"about":[{"href":"https:\/\/dualtron-store.com\/index.php\/wp-json\/wp\/v2\/types\/product"}],"replies":[{"embeddable":true,"href":"https:\/\/dualtron-store.com\/index.php\/wp-json\/wp\/v2\/comments?post=70401"}],"wp:featuredmedia":[{"embeddable":true,"href":"https:\/\/dualtron-store.com\/index.php\/wp-json\/wp\/v2\/media\/70403"}],"wp:attachment":[{"href":"https:\/\/dualtron-store.com\/index.php\/wp-json\/wp\/v2\/media?parent=70401"}],"wp:term":[{"taxonomy":"product_cat","embeddable":true,"href":"https:\/\/dualtron-store.com\/index.php\/wp-json\/wp\/v2\/product_cat?post=70401"},{"taxonomy":"product_tag","embeddable":true,"href":"https:\/\/dualtron-store.com\/index.php\/wp-json\/wp\/v2\/product_tag?post=70401"}],"curies":[{"name":"wp","href":"https:\/\/api.w.org\/{rel}","templated":true}]}}