{"id":70397,"date":"2023-12-14T16:06:34","date_gmt":"2023-12-14T15:06:34","guid":{"rendered":"https:\/\/dualtron-store.com\/?post_type=product&#038;p=70397"},"modified":"2023-12-15T15:47:35","modified_gmt":"2023-12-15T14:47:35","slug":"bloc-de-serre-cable-dualtron-achilleus-2024","status":"publish","type":"product","link":"https:\/\/dualtron-store.com\/index.php\/produit\/bloc-de-serre-cable-dualtron-achilleus-2024\/","title":{"rendered":"Bloc de serre cable Dualtron Achilleus 2024"},"content":{"rendered":"","protected":false},"excerpt":{"rendered":"<p><strong>Le bloc de serre-c\u00e2ble Dualtron Achilleus 2024<\/strong> est un composant robuste con\u00e7u pour optimiser le c\u00e2blage des trottinettes \u00e9lectriques. Sa conception solide assure une gestion fiable des c\u00e2bles, am\u00e9liorant la durabilit\u00e9 et la s\u00e9curit\u00e9 de votre Dualtron Achilleus 2024.<\/p>\n","protected":false},"featured_media":70398,"comment_status":"open","ping_status":"closed","template":"","meta":{"om_disable_all_campaigns":false,"_mi_skip_tracking":false,"_monsterinsights_sitenote_active":false,"_monsterinsights_sitenote_note":"","_monsterinsights_sitenote_category":0},"product_cat":[526,18,51],"product_tag":[],"aioseo_notices":[],"_links":{"self":[{"href":"https:\/\/dualtron-store.com\/index.php\/wp-json\/wp\/v2\/product\/70397"}],"collection":[{"href":"https:\/\/dualtron-store.com\/index.php\/wp-json\/wp\/v2\/product"}],"about":[{"href":"https:\/\/dualtron-store.com\/index.php\/wp-json\/wp\/v2\/types\/product"}],"replies":[{"embeddable":true,"href":"https:\/\/dualtron-store.com\/index.php\/wp-json\/wp\/v2\/comments?post=70397"}],"wp:featuredmedia":[{"embeddable":true,"href":"https:\/\/dualtron-store.com\/index.php\/wp-json\/wp\/v2\/media\/70398"}],"wp:attachment":[{"href":"https:\/\/dualtron-store.com\/index.php\/wp-json\/wp\/v2\/media?parent=70397"}],"wp:term":[{"taxonomy":"product_cat","embeddable":true,"href":"https:\/\/dualtron-store.com\/index.php\/wp-json\/wp\/v2\/product_cat?post=70397"},{"taxonomy":"product_tag","embeddable":true,"href":"https:\/\/dualtron-store.com\/index.php\/wp-json\/wp\/v2\/product_tag?post=70397"}],"curies":[{"name":"wp","href":"https:\/\/api.w.org\/{rel}","templated":true}]}}